{"id":350255,"date":"2024-10-31T14:13:47","date_gmt":"2024-10-31T13:13:47","guid":{"rendered":"https:\/\/www.arclite-shop.de\/produkt\/02-4058075436008\/"},"modified":"2026-04-18T00:03:53","modified_gmt":"2026-04-17T22:03:53","slug":"02-4058075436008","status":"publish","type":"product","link":"https:\/\/www.arclite-shop.de\/fr\/produkt\/02-4058075436008\/","title":{"rendered":"Bandes LED blanches ajustables prot\u00e9g\u00e9es IP67 de 2000 lm\/m pour applications professionnelles, avec une tr\u00e8s bonne qualit\u00e9 de rendu des couleurs et une tr\u00e8s bonne dur\u00e9e de vie"},"content":{"rendered":"<p>IP67 gesch\u00fctzte Tunable White LED-B\u00e4nder mit 2000 lm\/m f\u00fcr professionelle Anwendungen mit sehr guter Farbwiedergabe und Lebensdauer. Produkteigenschaften: Farbtemperatur \u00fcber Tunable White einstellbar: 2.700\u20266.500 K. Kleinste teilbare Einheit: 100 mm. Lebensdauer (L70\/B50): bis zu 50.000 h bei T c max. \u2264 85\u00b0C. Dimmbar durch Pulsweitenmodulation (PWM). Schutzart: IP67. Hochgradig UV-best\u00e4ndig. Salznebelbest\u00e4ndig. Produktvorteile: Gro\u00dfe Designfreiheit dank langer, flexible TW-LED-Lichtb\u00e4nder. Einfache Installation, werkzeugloser Anschluss. Einfache Montage durch selbstklebendes Klebeband. Maximale Flexibilit\u00e4t dank gro\u00dfer Auswahl an Zubeh\u00f6r. Einfacher Anschluss durch beidseitig integrierte Kabel. Anwendungsgebiete: Geeignet f\u00fcr Anwendungen im Innen- und Au\u00dfenbereich (IP67). Voutenbeleuchtung. Hotels. B\u00fcros. Allgemeinbeleuchtung.<\/p>\n","protected":false},"excerpt":{"rendered":"<p>IP67 gesch\u00fctzte Tunable White LED-B\u00e4nder mit 2000 lm\/m f\u00fcr professionelle Anwendungen mit sehr guter Farbwiedergabe und Lebensdauer. Produkteigenschaften: Farbtemperatur \u00fcber Tunable White einstellbar: 2.700\u20266.500 K. Kleinste teilbare Einheit: 100 mm. Lebensdauer (L70\/B50): bis zu 50.000 h bei T c max.<span class=\"excerpt-hellip\"> [\u2026]<\/span><\/p>\n","protected":false},"featured_media":366614,"template":"","meta":[],"product_brand":[],"product_cat":[87128],"product_tag":[],"class_list":{"0":"post-350255","1":"product","2":"type-product","3":"status-publish","4":"has-post-thumbnail","6":"product_cat-lichtschlauch-band","8":"first","9":"instock","10":"taxable","11":"shipping-taxable","12":"product-type-simple"},"_links":{"self":[{"href":"https:\/\/www.arclite-shop.de\/fr\/wp-json\/wp\/v2\/product\/350255","targetHints":{"allow":["GET"]}}],"collection":[{"href":"https:\/\/www.arclite-shop.de\/fr\/wp-json\/wp\/v2\/product"}],"about":[{"href":"https:\/\/www.arclite-shop.de\/fr\/wp-json\/wp\/v2\/types\/product"}],"wp:featuredmedia":[{"embeddable":true,"href":"https:\/\/www.arclite-shop.de\/fr\/wp-json\/wp\/v2\/media\/366614"}],"wp:attachment":[{"href":"https:\/\/www.arclite-shop.de\/fr\/wp-json\/wp\/v2\/media?parent=350255"}],"wp:term":[{"taxonomy":"product_brand","embeddable":true,"href":"https:\/\/www.arclite-shop.de\/fr\/wp-json\/wp\/v2\/product_brand?post=350255"},{"taxonomy":"product_cat","embeddable":true,"href":"https:\/\/www.arclite-shop.de\/fr\/wp-json\/wp\/v2\/product_cat?post=350255"},{"taxonomy":"product_tag","embeddable":true,"href":"https:\/\/www.arclite-shop.de\/fr\/wp-json\/wp\/v2\/product_tag?post=350255"}],"curies":[{"name":"wp","href":"https:\/\/api.w.org\/{rel}","templated":true}]}}