{"id":350252,"date":"2024-10-31T14:13:45","date_gmt":"2024-10-31T13:13:45","guid":{"rendered":"https:\/\/www.arclite-shop.de\/produkt\/02-4058075435896\/"},"modified":"2026-04-18T00:04:13","modified_gmt":"2026-04-17T22:04:13","slug":"02-4058075435896","status":"publish","type":"product","link":"https:\/\/www.arclite-shop.de\/fr\/produkt\/02-4058075435896\/","title":{"rendered":"Unit\u00e9s de contr\u00f4le avec technologie haute fr\u00e9quence"},"content":{"rendered":"<p>Steuerger\u00e4te mit Hochfrequenz-Technologie. Produkteigenschaften: Funk-Wandbedienpanel zur Ansteuerung von RGBW LED Modulen. Ausgangssignal: 2.4 GHz. Eingangsspannung: 100\u2026240 V. Produktvorteile: Ultraempfindliches, hochfestes Glas-Touchpanel mit Touch-Farbschieber in der Mitte und Hintergrundbeleuchtung.. Dimmung der eingestellten Lichtfarben RGB und wei\u00df. 10 vorinstallierte Farbverl\u00e4ufe. Steuerung von bis zu 4 Zonen. Seperate Ansteuerung der Farben Rot, Gr\u00fcn, Blau und Wei\u00df. Einfaches ersetzen an dem Standard Lichtschalter. Anwendungsgebiete: Allgemeinbeleuchtung. Architekturbeleuchtung. Dynamische Effekte in Zonen mit Publikumsverkehr. Voutenbeleuchtung. Hotels. B\u00fcros. Wohnr\u00e4ume.<\/p>\n","protected":false},"excerpt":{"rendered":"<p>Steuerger\u00e4te mit Hochfrequenz-Technologie. Produkteigenschaften: Funk-Wandbedienpanel zur Ansteuerung von RGBW LED Modulen. Ausgangssignal: 2.4 GHz. Eingangsspannung: 100\u2026240 V. Produktvorteile: Ultraempfindliches, hochfestes Glas-Touchpanel mit Touch-Farbschieber in der Mitte und Hintergrundbeleuchtung.. Dimmung der eingestellten Lichtfarben RGB und wei\u00df. 10 vorinstallierte Farbverl\u00e4ufe. Steuerung von<span class=\"excerpt-hellip\"> [\u2026]<\/span><\/p>\n","protected":false},"featured_media":339753,"template":"","meta":[],"product_brand":[],"product_cat":[87015],"product_tag":[],"class_list":{"0":"post-350252","1":"product","2":"type-product","3":"status-publish","4":"has-post-thumbnail","6":"product_cat-lichtregelsystemkomponente-ledvance","8":"first","9":"instock","10":"taxable","11":"shipping-taxable","12":"product-type-simple"},"_links":{"self":[{"href":"https:\/\/www.arclite-shop.de\/fr\/wp-json\/wp\/v2\/product\/350252","targetHints":{"allow":["GET"]}}],"collection":[{"href":"https:\/\/www.arclite-shop.de\/fr\/wp-json\/wp\/v2\/product"}],"about":[{"href":"https:\/\/www.arclite-shop.de\/fr\/wp-json\/wp\/v2\/types\/product"}],"wp:featuredmedia":[{"embeddable":true,"href":"https:\/\/www.arclite-shop.de\/fr\/wp-json\/wp\/v2\/media\/339753"}],"wp:attachment":[{"href":"https:\/\/www.arclite-shop.de\/fr\/wp-json\/wp\/v2\/media?parent=350252"}],"wp:term":[{"taxonomy":"product_brand","embeddable":true,"href":"https:\/\/www.arclite-shop.de\/fr\/wp-json\/wp\/v2\/product_brand?post=350252"},{"taxonomy":"product_cat","embeddable":true,"href":"https:\/\/www.arclite-shop.de\/fr\/wp-json\/wp\/v2\/product_cat?post=350252"},{"taxonomy":"product_tag","embeddable":true,"href":"https:\/\/www.arclite-shop.de\/fr\/wp-json\/wp\/v2\/product_tag?post=350252"}],"curies":[{"name":"wp","href":"https:\/\/api.w.org\/{rel}","templated":true}]}}