{"id":350245,"date":"2024-10-31T14:13:40","date_gmt":"2024-10-31T13:13:40","guid":{"rendered":"https:\/\/www.arclite-shop.de\/produkt\/02-4058075435360\/"},"modified":"2026-05-11T12:10:27","modified_gmt":"2026-05-11T10:10:27","slug":"02-4058075435360","status":"publish","type":"product","link":"https:\/\/www.arclite-shop.de\/fr\/produkt\/02-4058075435360\/","title":{"rendered":"Lampes LED, forme classique de piston, avec couronne de piston miroir"},"content":{"rendered":"<p>LED-Lampen, klassische Kolbenform, mit Spiegel-Kolbenkrone. Produkteigenschaften: Verspiegelung der Kolbenkuppe: Gold oder Silber. Lampe aus Glas. Gute Lichtqualit\u00e4t; Farbwiedergabeindex Ra: \u2265 80; konstanter Farbort. Produktvorteile: Lange Lebensdauer von bis zu 15.000 h. Geringer Energieverbrauch. Einfacher Lampenwechsel dank kompaktem Design. Sofort 100 % Licht, keine Aufw\u00e4rmzeit. Lampen mit innovativer LED-\u00ab\u00a0Filament\u00a0\u00bb-Technologie. Anwendungsgebiete: Ideal f\u00fcr dekorative Einbauten. Spiegelbeleuchtung. Anwendungen im Haushalt. Allgemeinbeleuchtung. Einsatz im Au\u00dfenbereich nur in geeigneten Au\u00dfenleuchten.<\/p>\n","protected":false},"excerpt":{"rendered":"<p>LED-Lampen, klassische Kolbenform, mit Spiegel-Kolbenkrone. Produkteigenschaften: Verspiegelung der Kolbenkuppe: Gold oder Silber. Lampe aus Glas. Gute Lichtqualit\u00e4t; Farbwiedergabeindex Ra: \u2265 80; konstanter Farbort. Produktvorteile: Lange Lebensdauer von bis zu 15.000 h. Geringer Energieverbrauch. Einfacher Lampenwechsel dank kompaktem Design. Sofort 100<span class=\"excerpt-hellip\"> [\u2026]<\/span><\/p>\n","protected":false},"featured_media":366624,"template":"","meta":[],"product_brand":[],"product_cat":[87060],"product_tag":[],"class_list":{"0":"post-350245","1":"product","2":"type-product","3":"status-publish","4":"has-post-thumbnail","6":"product_cat-led-lampe-multi-led","8":"first","9":"instock","10":"taxable","11":"shipping-taxable","12":"product-type-simple"},"_links":{"self":[{"href":"https:\/\/www.arclite-shop.de\/fr\/wp-json\/wp\/v2\/product\/350245","targetHints":{"allow":["GET"]}}],"collection":[{"href":"https:\/\/www.arclite-shop.de\/fr\/wp-json\/wp\/v2\/product"}],"about":[{"href":"https:\/\/www.arclite-shop.de\/fr\/wp-json\/wp\/v2\/types\/product"}],"wp:featuredmedia":[{"embeddable":true,"href":"https:\/\/www.arclite-shop.de\/fr\/wp-json\/wp\/v2\/media\/366624"}],"wp:attachment":[{"href":"https:\/\/www.arclite-shop.de\/fr\/wp-json\/wp\/v2\/media?parent=350245"}],"wp:term":[{"taxonomy":"product_brand","embeddable":true,"href":"https:\/\/www.arclite-shop.de\/fr\/wp-json\/wp\/v2\/product_brand?post=350245"},{"taxonomy":"product_cat","embeddable":true,"href":"https:\/\/www.arclite-shop.de\/fr\/wp-json\/wp\/v2\/product_cat?post=350245"},{"taxonomy":"product_tag","embeddable":true,"href":"https:\/\/www.arclite-shop.de\/fr\/wp-json\/wp\/v2\/product_tag?post=350245"}],"curies":[{"name":"wp","href":"https:\/\/api.w.org\/{rel}","templated":true}]}}