{"id":350240,"date":"2024-10-31T14:13:36","date_gmt":"2024-10-31T13:13:36","guid":{"rendered":"https:\/\/www.arclite-shop.de\/produkt\/02-4058075434462\/"},"modified":"2026-04-18T00:08:57","modified_gmt":"2026-04-17T22:08:57","slug":"02-4058075434462","status":"publish","type":"product","link":"https:\/\/www.arclite-shop.de\/fr\/produkt\/02-4058075434462\/","title":{"rendered":"Lampes LED avec gradation \u00e0 trois \u00e9tages"},"content":{"rendered":"<p>LED Lampen mit dreistufigem Dimmen. Produkteigenschaften: Dimmen in drei Stufen: 100 %, 55 % und 10 %. Steuerbar \u00fcber Standard-Wandschalter. Gute Lichtqualit\u00e4t; Farbwiedergabeindex Ra: \u2265 80. Quecksilberfreie Lampen. Produktvorteile: Einfaches 3-Stufen-Dimmen durch wiederholtes Bet\u00e4tigen des Lichtschalters. Einfache und kosteng\u00fcnstige Anwendung, kein Dimmer erforderlich. Geringer Energieverbrauch. Einfacher Lampenwechsel dank kompaktem Design. Sofort 100 % Licht, keine Aufw\u00e4rmzeit. Macht R\u00e4ume multi-funktional mit einstellbaren Lichtatmosph\u00e4ren. Anwendungsgebiete: \u00dcberall dort, wo Dimmen urspr\u00fcnglich nicht geplant war. Wohnr\u00e4ume. Gastronomie. Einsatz im Au\u00dfenbereich nur in geeigneten Au\u00dfenleuchten.<\/p>\n","protected":false},"excerpt":{"rendered":"<p>LED Lampen mit dreistufigem Dimmen. Produkteigenschaften: Dimmen in drei Stufen: 100 %, 55 % und 10 %. Steuerbar \u00fcber Standard-Wandschalter. Gute Lichtqualit\u00e4t; Farbwiedergabeindex Ra: \u2265 80. Quecksilberfreie Lampen. Produktvorteile: Einfaches 3-Stufen-Dimmen durch wiederholtes Bet\u00e4tigen des Lichtschalters. Einfache und kosteng\u00fcnstige Anwendung,<span class=\"excerpt-hellip\"> [\u2026]<\/span><\/p>\n","protected":false},"featured_media":366634,"template":"","meta":[],"product_brand":[],"product_cat":[87060],"product_tag":[],"class_list":{"0":"post-350240","1":"product","2":"type-product","3":"status-publish","4":"has-post-thumbnail","6":"product_cat-led-lampe-multi-led","8":"first","9":"instock","10":"taxable","11":"shipping-taxable","12":"product-type-simple"},"_links":{"self":[{"href":"https:\/\/www.arclite-shop.de\/fr\/wp-json\/wp\/v2\/product\/350240","targetHints":{"allow":["GET"]}}],"collection":[{"href":"https:\/\/www.arclite-shop.de\/fr\/wp-json\/wp\/v2\/product"}],"about":[{"href":"https:\/\/www.arclite-shop.de\/fr\/wp-json\/wp\/v2\/types\/product"}],"wp:featuredmedia":[{"embeddable":true,"href":"https:\/\/www.arclite-shop.de\/fr\/wp-json\/wp\/v2\/media\/366634"}],"wp:attachment":[{"href":"https:\/\/www.arclite-shop.de\/fr\/wp-json\/wp\/v2\/media?parent=350240"}],"wp:term":[{"taxonomy":"product_brand","embeddable":true,"href":"https:\/\/www.arclite-shop.de\/fr\/wp-json\/wp\/v2\/product_brand?post=350240"},{"taxonomy":"product_cat","embeddable":true,"href":"https:\/\/www.arclite-shop.de\/fr\/wp-json\/wp\/v2\/product_cat?post=350240"},{"taxonomy":"product_tag","embeddable":true,"href":"https:\/\/www.arclite-shop.de\/fr\/wp-json\/wp\/v2\/product_tag?post=350240"}],"curies":[{"name":"wp","href":"https:\/\/api.w.org\/{rel}","templated":true}]}}