{"id":350180,"date":"2024-10-31T14:12:54","date_gmt":"2024-10-31T13:12:54","guid":{"rendered":"https:\/\/www.arclite-shop.de\/produkt\/02-4058075421011\/"},"modified":"2026-04-18T02:04:16","modified_gmt":"2026-04-18T00:04:16","slug":"02-4058075421011","status":"publish","type":"product","link":"https:\/\/www.arclite-shop.de\/fr\/produkt\/02-4058075421011\/","title":{"rendered":"PROJECTEUR 20 W  00 K SYM 100 BK"},"content":{"rendered":"<p>Vielseitig einsetzbare Fluter mit bis zu 2400 lm Lichtstrom. Produkteigenschaften: Reflektorbasierte, symmetrische Lichtverteilung mit 100\u00b0 x 100\u00b0 Abstrahlwinkel. Integriertes Vorschaltger\u00e4t mit gro\u00dfem Eingangsspannungsbereich, geeignet f\u00fcr 100 &#8211; 277 V AC . \u00dcberspannungsschutz: bis zu 4 kV (L\/N-PE), 2 kV (L-N). Montageb\u00fcgel mit 30\u00b0 Winkel und gro\u00dfem Rotationsbereich. Vorinstalliertes, flexibles Kabel (H05RN-F) mit 1 m L\u00e4nge, 3 x 1.0 mm\u00b2 gekrimpt. Produktvorteile: Lichtstark, robust und langlebig. Sichere und sehr gleichm\u00e4\u00dfige Ausleuchtung, dank opalem, geh\u00e4rtetem Glasdiffusor. Kein Lichtaustritt im oberen Halbraum (ULOR 0%) bei 0\u00b0 Aufneigung. Energieersparnis von bis zu 90 % verglichen mit Halogenlampen-Flutern. 5 Jahre Garantie. Anwendungsgebiete: Ersatz f\u00fcr Fluter mit Halogenlampen. Au\u00dfenanwendung (IP65). \u00d6ffentlicher Raum. Anstrahlung von Fassaden. Baustellen. G\u00e4rten, Balkone und andere Au\u00dfenbereiche.<\/p>\n","protected":false},"excerpt":{"rendered":"<p>Vielseitig einsetzbare Fluter mit bis zu 2400 lm Lichtstrom. Produkteigenschaften: Reflektorbasierte, symmetrische Lichtverteilung mit 100\u00b0 x 100\u00b0 Abstrahlwinkel. Integriertes Vorschaltger\u00e4t mit gro\u00dfem Eingangsspannungsbereich, geeignet f\u00fcr 100 &#8211; 277 V AC . \u00dcberspannungsschutz: bis zu 4 kV (L\/N-PE), 2 kV (L-N).<span class=\"excerpt-hellip\"> [\u2026]<\/span><\/p>\n","protected":false},"featured_media":366702,"template":"","meta":[],"product_brand":[],"product_cat":[87053],"product_tag":[],"class_list":{"0":"post-350180","1":"product","2":"type-product","3":"status-publish","4":"has-post-thumbnail","6":"product_cat-downlight-strahler-flutlicht","8":"first","9":"outofstock","10":"taxable","11":"shipping-taxable","12":"product-type-simple"},"_links":{"self":[{"href":"https:\/\/www.arclite-shop.de\/fr\/wp-json\/wp\/v2\/product\/350180","targetHints":{"allow":["GET"]}}],"collection":[{"href":"https:\/\/www.arclite-shop.de\/fr\/wp-json\/wp\/v2\/product"}],"about":[{"href":"https:\/\/www.arclite-shop.de\/fr\/wp-json\/wp\/v2\/types\/product"}],"wp:featuredmedia":[{"embeddable":true,"href":"https:\/\/www.arclite-shop.de\/fr\/wp-json\/wp\/v2\/media\/366702"}],"wp:attachment":[{"href":"https:\/\/www.arclite-shop.de\/fr\/wp-json\/wp\/v2\/media?parent=350180"}],"wp:term":[{"taxonomy":"product_brand","embeddable":true,"href":"https:\/\/www.arclite-shop.de\/fr\/wp-json\/wp\/v2\/product_brand?post=350180"},{"taxonomy":"product_cat","embeddable":true,"href":"https:\/\/www.arclite-shop.de\/fr\/wp-json\/wp\/v2\/product_cat?post=350180"},{"taxonomy":"product_tag","embeddable":true,"href":"https:\/\/www.arclite-shop.de\/fr\/wp-json\/wp\/v2\/product_tag?post=350180"}],"curies":[{"name":"wp","href":"https:\/\/api.w.org\/{rel}","templated":true}]}}