{"id":350164,"date":"2024-10-31T14:12:44","date_gmt":"2024-10-31T13:12:44","guid":{"rendered":"https:\/\/www.arclite-shop.de\/produkt\/02-4058075404472\/"},"modified":"2026-04-18T02:24:55","modified_gmt":"2026-04-18T00:24:55","slug":"02-4058075404472","status":"publish","type":"product","link":"https:\/\/www.arclite-shop.de\/fr\/produkt\/02-4058075404472\/","title":{"rendered":"Bandelettes LED RGB prot\u00e9g\u00e9es IP65 avec 500 lm\/m pour les applications g\u00e9n\u00e9rales"},"content":{"rendered":"<p>IP65 gesch\u00fctzte RGB LED-B\u00e4nder mit 500 lm\/m f\u00fcr allgemeine Anwendungen. Produkteigenschaften: Flexibles und teilbares LED-Band mit inline Multichip RGB LEDs. Kleinste teilbare Einheit: 100 mm. Lebensdauer (L70\/B50): bis zu 40.000 h bei Tc max.: 75\u00b0C. Schutzart: IP65. Salznebelbest\u00e4ndig. Hochgradig UV-best\u00e4ndig. Dimmbar durch Pulsweitenmodulation (PWM). Produktvorteile: Gro\u00dfe Designfreiheit dank langer, flexible RGB-LED-Lichtb\u00e4nder. Homogene Farbwechsel. Einfache Installation, werkzeugloser Anschluss. Einfache Montage an vielen glatten Oberfl\u00e4chen durch selbstklebendes Klebeband. Maximale Flexibilit\u00e4t dank gro\u00dfer Auswahl an Zubeh\u00f6r. Einfacher Anschluss durch beidseitig integrierte Kabel. Anwendungsgebiete: Geeignet f\u00fcr Anwendungen im Innen- und Au\u00dfenbereich (IP65). Fassaden-Akzentuierung. Effektbeleuchtung in der Architektur. Dynamische Effekte in \u00f6ffentlichen Bereichen. Voutenbeleuchtung. Unterbaubeleuchtung. Hotels und B\u00fcros. Wohnr\u00e4ume.<\/p>\n","protected":false},"excerpt":{"rendered":"<p>IP65 gesch\u00fctzte RGB LED-B\u00e4nder mit 500 lm\/m f\u00fcr allgemeine Anwendungen. Produkteigenschaften: Flexibles und teilbares LED-Band mit inline Multichip RGB LEDs. Kleinste teilbare Einheit: 100 mm. Lebensdauer (L70\/B50): bis zu 40.000 h bei Tc max.: 75\u00b0C. Schutzart: IP65. Salznebelbest\u00e4ndig. Hochgradig UV-best\u00e4ndig.<span class=\"excerpt-hellip\"> [\u2026]<\/span><\/p>\n","protected":false},"featured_media":366718,"template":"","meta":[],"product_brand":[],"product_cat":[87128],"product_tag":[],"class_list":{"0":"post-350164","1":"product","2":"type-product","3":"status-publish","4":"has-post-thumbnail","6":"product_cat-lichtschlauch-band","8":"first","9":"instock","10":"taxable","11":"shipping-taxable","12":"product-type-simple"},"_links":{"self":[{"href":"https:\/\/www.arclite-shop.de\/fr\/wp-json\/wp\/v2\/product\/350164","targetHints":{"allow":["GET"]}}],"collection":[{"href":"https:\/\/www.arclite-shop.de\/fr\/wp-json\/wp\/v2\/product"}],"about":[{"href":"https:\/\/www.arclite-shop.de\/fr\/wp-json\/wp\/v2\/types\/product"}],"wp:featuredmedia":[{"embeddable":true,"href":"https:\/\/www.arclite-shop.de\/fr\/wp-json\/wp\/v2\/media\/366718"}],"wp:attachment":[{"href":"https:\/\/www.arclite-shop.de\/fr\/wp-json\/wp\/v2\/media?parent=350164"}],"wp:term":[{"taxonomy":"product_brand","embeddable":true,"href":"https:\/\/www.arclite-shop.de\/fr\/wp-json\/wp\/v2\/product_brand?post=350164"},{"taxonomy":"product_cat","embeddable":true,"href":"https:\/\/www.arclite-shop.de\/fr\/wp-json\/wp\/v2\/product_cat?post=350164"},{"taxonomy":"product_tag","embeddable":true,"href":"https:\/\/www.arclite-shop.de\/fr\/wp-json\/wp\/v2\/product_tag?post=350164"}],"curies":[{"name":"wp","href":"https:\/\/api.w.org\/{rel}","templated":true}]}}