{"id":350127,"date":"2024-10-31T14:12:17","date_gmt":"2024-10-31T13:12:17","guid":{"rendered":"https:\/\/www.arclite-shop.de\/produkt\/02-4058075399396\/"},"modified":"2026-04-18T02:32:07","modified_gmt":"2026-04-18T00:32:07","slug":"02-4058075399396","status":"publish","type":"product","link":"https:\/\/www.arclite-shop.de\/fr\/produkt\/02-4058075399396\/","title":{"rendered":"Anneau de recouvrement attachable (IK10)"},"content":{"rendered":"<p>Aufsteckbarer Abdeckring (IK10). Produkteigenschaften: Aufsteckring f\u00fcr Surface Bulkhead. Verf\u00fcgbar f\u00fcr die 250 mm und 300 mm Versionen. In schwarz und weiss verf\u00fcgbar. Sto\u00dffestigkeit: IK10. Technische Ausstattung: Diebstahlschutzschraube enthalten.<\/p>\n","protected":false},"excerpt":{"rendered":"<p>Aufsteckbarer Abdeckring (IK10). Produkteigenschaften: Aufsteckring f\u00fcr Surface Bulkhead. Verf\u00fcgbar f\u00fcr die 250 mm und 300 mm Versionen. In schwarz und weiss verf\u00fcgbar. Sto\u00dffestigkeit: IK10. Technische Ausstattung: Diebstahlschutzschraube enthalten.<\/p>\n","protected":false},"featured_media":366778,"template":"","meta":[],"product_brand":[],"product_cat":[87104],"product_tag":[],"class_list":{"0":"post-350127","1":"product","2":"type-product","3":"status-publish","4":"has-post-thumbnail","6":"product_cat-lichttechnisches-zubehoer-fuer-leuchten","8":"first","9":"instock","10":"taxable","11":"shipping-taxable","12":"product-type-simple"},"_links":{"self":[{"href":"https:\/\/www.arclite-shop.de\/fr\/wp-json\/wp\/v2\/product\/350127","targetHints":{"allow":["GET"]}}],"collection":[{"href":"https:\/\/www.arclite-shop.de\/fr\/wp-json\/wp\/v2\/product"}],"about":[{"href":"https:\/\/www.arclite-shop.de\/fr\/wp-json\/wp\/v2\/types\/product"}],"wp:featuredmedia":[{"embeddable":true,"href":"https:\/\/www.arclite-shop.de\/fr\/wp-json\/wp\/v2\/media\/366778"}],"wp:attachment":[{"href":"https:\/\/www.arclite-shop.de\/fr\/wp-json\/wp\/v2\/media?parent=350127"}],"wp:term":[{"taxonomy":"product_brand","embeddable":true,"href":"https:\/\/www.arclite-shop.de\/fr\/wp-json\/wp\/v2\/product_brand?post=350127"},{"taxonomy":"product_cat","embeddable":true,"href":"https:\/\/www.arclite-shop.de\/fr\/wp-json\/wp\/v2\/product_cat?post=350127"},{"taxonomy":"product_tag","embeddable":true,"href":"https:\/\/www.arclite-shop.de\/fr\/wp-json\/wp\/v2\/product_tag?post=350127"}],"curies":[{"name":"wp","href":"https:\/\/api.w.org\/{rel}","templated":true}]}}