{"id":350124,"date":"2024-10-31T14:12:15","date_gmt":"2024-10-31T13:12:15","guid":{"rendered":"https:\/\/www.arclite-shop.de\/produkt\/02-4058075399334\/"},"modified":"2026-04-18T02:33:01","modified_gmt":"2026-04-18T00:33:01","slug":"02-4058075399334","status":"publish","type":"product","link":"https:\/\/www.arclite-shop.de\/fr\/produkt\/02-4058075399334\/","title":{"rendered":"ANNEAU DE CLOISON DE SURFACE 250 WT"},"content":{"rendered":"<p>Aufsteckbarer Abdeckring (IK10). Produkteigenschaften: Aufsteckring f\u00fcr Surface Bulkhead. Verf\u00fcgbar f\u00fcr die 250 mm und 300 mm Versionen. In schwarz und weiss verf\u00fcgbar. Sto\u00dffestigkeit: IK10. Technische Ausstattung: Diebstahlschutzschraube enthalten.<\/p>\n","protected":false},"excerpt":{"rendered":"<p>Aufsteckbarer Abdeckring (IK10). Produkteigenschaften: Aufsteckring f\u00fcr Surface Bulkhead. Verf\u00fcgbar f\u00fcr die 250 mm und 300 mm Versionen. In schwarz und weiss verf\u00fcgbar. Sto\u00dffestigkeit: IK10. Technische Ausstattung: Diebstahlschutzschraube enthalten.<\/p>\n","protected":false},"featured_media":366782,"template":"","meta":[],"product_brand":[],"product_cat":[87104],"product_tag":[],"class_list":{"0":"post-350124","1":"product","2":"type-product","3":"status-publish","4":"has-post-thumbnail","6":"product_cat-lichttechnisches-zubehoer-fuer-leuchten","8":"first","9":"instock","10":"taxable","11":"shipping-taxable","12":"product-type-simple"},"_links":{"self":[{"href":"https:\/\/www.arclite-shop.de\/fr\/wp-json\/wp\/v2\/product\/350124","targetHints":{"allow":["GET"]}}],"collection":[{"href":"https:\/\/www.arclite-shop.de\/fr\/wp-json\/wp\/v2\/product"}],"about":[{"href":"https:\/\/www.arclite-shop.de\/fr\/wp-json\/wp\/v2\/types\/product"}],"wp:featuredmedia":[{"embeddable":true,"href":"https:\/\/www.arclite-shop.de\/fr\/wp-json\/wp\/v2\/media\/366782"}],"wp:attachment":[{"href":"https:\/\/www.arclite-shop.de\/fr\/wp-json\/wp\/v2\/media?parent=350124"}],"wp:term":[{"taxonomy":"product_brand","embeddable":true,"href":"https:\/\/www.arclite-shop.de\/fr\/wp-json\/wp\/v2\/product_brand?post=350124"},{"taxonomy":"product_cat","embeddable":true,"href":"https:\/\/www.arclite-shop.de\/fr\/wp-json\/wp\/v2\/product_cat?post=350124"},{"taxonomy":"product_tag","embeddable":true,"href":"https:\/\/www.arclite-shop.de\/fr\/wp-json\/wp\/v2\/product_tag?post=350124"}],"curies":[{"name":"wp","href":"https:\/\/api.w.org\/{rel}","templated":true}]}}