{"id":350113,"date":"2024-10-31T14:12:08","date_gmt":"2024-10-31T13:12:08","guid":{"rendered":"https:\/\/www.arclite-shop.de\/produkt\/02-4058075375529\/"},"modified":"2026-04-18T02:38:27","modified_gmt":"2026-04-18T00:38:27","slug":"02-4058075375529","status":"publish","type":"product","link":"https:\/\/www.arclite-shop.de\/fr\/produkt\/02-4058075375529\/","title":{"rendered":"Anneau demi-viseur attachable (IK10)"},"content":{"rendered":"<p>Aufsteckbarer Halbvisierring (IK10). Produkteigenschaften: Halbvisierring f\u00fcr Surface Bulkhead. Verf\u00fcgbar f\u00fcr die 250 mm und 300 mm Versionen. In schwarz und weiss verf\u00fcgbar. Sto\u00dffestigkeit: IK10. Technische Ausstattung: Diebstahlschutzschraube enthalten.<\/p>\n","protected":false},"excerpt":{"rendered":"<p>Aufsteckbarer Halbvisierring (IK10). Produkteigenschaften: Halbvisierring f\u00fcr Surface Bulkhead. Verf\u00fcgbar f\u00fcr die 250 mm und 300 mm Versionen. In schwarz und weiss verf\u00fcgbar. Sto\u00dffestigkeit: IK10. Technische Ausstattung: Diebstahlschutzschraube enthalten.<\/p>\n","protected":false},"featured_media":366800,"template":"","meta":[],"product_brand":[],"product_cat":[95267],"product_tag":[],"class_list":{"0":"post-350113","1":"product","2":"type-product","3":"status-publish","4":"has-post-thumbnail","6":"product_cat-lichttechnisches-zubehoer-ersatzteile-fuer-leuchten-ledvance","8":"first","9":"instock","10":"taxable","11":"shipping-taxable","12":"product-type-simple"},"_links":{"self":[{"href":"https:\/\/www.arclite-shop.de\/fr\/wp-json\/wp\/v2\/product\/350113","targetHints":{"allow":["GET"]}}],"collection":[{"href":"https:\/\/www.arclite-shop.de\/fr\/wp-json\/wp\/v2\/product"}],"about":[{"href":"https:\/\/www.arclite-shop.de\/fr\/wp-json\/wp\/v2\/types\/product"}],"wp:featuredmedia":[{"embeddable":true,"href":"https:\/\/www.arclite-shop.de\/fr\/wp-json\/wp\/v2\/media\/366800"}],"wp:attachment":[{"href":"https:\/\/www.arclite-shop.de\/fr\/wp-json\/wp\/v2\/media?parent=350113"}],"wp:term":[{"taxonomy":"product_brand","embeddable":true,"href":"https:\/\/www.arclite-shop.de\/fr\/wp-json\/wp\/v2\/product_brand?post=350113"},{"taxonomy":"product_cat","embeddable":true,"href":"https:\/\/www.arclite-shop.de\/fr\/wp-json\/wp\/v2\/product_cat?post=350113"},{"taxonomy":"product_tag","embeddable":true,"href":"https:\/\/www.arclite-shop.de\/fr\/wp-json\/wp\/v2\/product_tag?post=350113"}],"curies":[{"name":"wp","href":"https:\/\/api.w.org\/{rel}","templated":true}]}}