{"id":350068,"date":"2024-10-31T14:11:37","date_gmt":"2024-10-31T13:11:37","guid":{"rendered":"https:\/\/www.arclite-shop.de\/produkt\/02-4058075321342\/"},"modified":"2026-04-18T03:38:28","modified_gmt":"2026-04-18T01:38:28","slug":"02-4058075321342","status":"publish","type":"product","link":"https:\/\/www.arclite-shop.de\/fr\/produkt\/02-4058075321342\/","title":{"rendered":"Lampe de travail flexible et portable avec douilles int\u00e9gr\u00e9es"},"content":{"rendered":"<p>Flexibles, tragbares Arbeitslicht mit eingebauten Steckdosen. Produkteigenschaften: Ausgestattet mit zwei Steckdosen, f\u00fcr bis zu 3000 W Anschlussleistung. Steckdose mittels selbst schlie\u00dfender Abdeckung gesch\u00fctzt. Eingebauter Schalter zur Leuchtensteuerung, Steckdosen bleiben dauerhaft versorgt. Schnellverschlu\u00df zur Verstellung des Leuchtenkopfwinkels. 3 m Kabel mit Stecker vom Typ E\/F. Produktvorteile: 2 in 1, Arbeitsleuchte und Mehrfachsteckdose. Energieersparnis von bis zu 80 % verglichen mit Halogenlampen-Arbeitsleuchten. Teilmattierte Abdeckung aus geh\u00e4rtetem Glas, f\u00fcr eine gleichm\u00e4\u00dfige Beleuchtung. Anwendungsgebiete: Au\u00dfenanwendung (IP44). Renovierung. Garagen. Keller. Werkstatt.<\/p>\n","protected":false},"excerpt":{"rendered":"<p>Flexibles, tragbares Arbeitslicht mit eingebauten Steckdosen. Produkteigenschaften: Ausgestattet mit zwei Steckdosen, f\u00fcr bis zu 3000 W Anschlussleistung. Steckdose mittels selbst schlie\u00dfender Abdeckung gesch\u00fctzt. Eingebauter Schalter zur Leuchtensteuerung, Steckdosen bleiben dauerhaft versorgt. Schnellverschlu\u00df zur Verstellung des Leuchtenkopfwinkels. 3 m Kabel mit<span class=\"excerpt-hellip\"> [\u2026]<\/span><\/p>\n","protected":false},"featured_media":366814,"template":"","meta":[],"product_brand":[],"product_cat":[87053],"product_tag":[],"class_list":{"0":"post-350068","1":"product","2":"type-product","3":"status-publish","4":"has-post-thumbnail","6":"product_cat-downlight-strahler-flutlicht","8":"first","9":"instock","10":"taxable","11":"shipping-taxable","12":"product-type-simple"},"_links":{"self":[{"href":"https:\/\/www.arclite-shop.de\/fr\/wp-json\/wp\/v2\/product\/350068","targetHints":{"allow":["GET"]}}],"collection":[{"href":"https:\/\/www.arclite-shop.de\/fr\/wp-json\/wp\/v2\/product"}],"about":[{"href":"https:\/\/www.arclite-shop.de\/fr\/wp-json\/wp\/v2\/types\/product"}],"wp:featuredmedia":[{"embeddable":true,"href":"https:\/\/www.arclite-shop.de\/fr\/wp-json\/wp\/v2\/media\/366814"}],"wp:attachment":[{"href":"https:\/\/www.arclite-shop.de\/fr\/wp-json\/wp\/v2\/media?parent=350068"}],"wp:term":[{"taxonomy":"product_brand","embeddable":true,"href":"https:\/\/www.arclite-shop.de\/fr\/wp-json\/wp\/v2\/product_brand?post=350068"},{"taxonomy":"product_cat","embeddable":true,"href":"https:\/\/www.arclite-shop.de\/fr\/wp-json\/wp\/v2\/product_cat?post=350068"},{"taxonomy":"product_tag","embeddable":true,"href":"https:\/\/www.arclite-shop.de\/fr\/wp-json\/wp\/v2\/product_tag?post=350068"}],"curies":[{"name":"wp","href":"https:\/\/api.w.org\/{rel}","templated":true}]}}