{"id":350043,"date":"2024-10-31T14:11:19","date_gmt":"2024-10-31T13:11:19","guid":{"rendered":"https:\/\/www.arclite-shop.de\/produkt\/02-4058075290921\/"},"modified":"2026-04-18T03:59:26","modified_gmt":"2026-04-18T01:59:26","slug":"02-4058075290921","status":"publish","type":"product","link":"https:\/\/www.arclite-shop.de\/fr\/produkt\/02-4058075290921\/","title":{"rendered":"Inserts luminaires avec une tr\u00e8s large \u00e9mission lumineuse"},"content":{"rendered":"<p>Leuchteneins\u00e4tze mit sehr weiter Lichtausstrahlung. Produkteigenschaften: Ausstrahlungswinkel sehr breit: 120\u00b0. Klickbare L\u00f6sung mit Druckkn\u00f6pfen. Lichtausbeute: bis zu 160 lm\/W. Fixierte Leuchtenabgriffe. Lumenpacket 5600 lm, 8000 lm, 11200 lm. Stahlblechgeh\u00e4use. Material der Linse: PMMA. Schutzart: IP20. Einheitliches Familiendesign mit LEDVANCE. Lebensdauer (L80\/B10): bis zu 60.000h. Produktvorteile: Sehr breite Lichtverteilung f\u00fcr Fl\u00e4chenausleuchtung. Einfache Installation, werkzeugloser Anschluss. Energiesparend und kosteng\u00fcnstig. Flexible Anwendung durch breites Sortiment an unterschiedlichen Lumenpaketen und Leuchten\u00f6ffnungswinkeln. Lichtb\u00e4nder mit bis 57 (On-Off) \/ 66 (DALI) Leuchten m\u00f6glich. Versionen mit DALI-EVG verf\u00fcgbar. Anwendungsgebiete: Direkter Ersatz f\u00fcr Leuchten mit Leuchtstofflampen. Industriehallen, Hochregallager, Werkst\u00e4tten, Baum\u00e4rkte. Discounter, Superm\u00e4rkte. Technische Ausstattung: Tragschiene mit fest integriertem 5- und 8- poligen Kabelstrang.<\/p>\n","protected":false},"excerpt":{"rendered":"<p>Leuchteneins\u00e4tze mit sehr weiter Lichtausstrahlung. Produkteigenschaften: Ausstrahlungswinkel sehr breit: 120\u00b0. Klickbare L\u00f6sung mit Druckkn\u00f6pfen. Lichtausbeute: bis zu 160 lm\/W. Fixierte Leuchtenabgriffe. Lumenpacket 5600 lm, 8000 lm, 11200 lm. Stahlblechgeh\u00e4use. Material der Linse: PMMA. Schutzart: IP20. Einheitliches Familiendesign mit LEDVANCE. Lebensdauer<span class=\"excerpt-hellip\"> [\u2026]<\/span><\/p>\n","protected":false},"featured_media":366850,"template":"","meta":[],"product_brand":[],"product_cat":[87074],"product_tag":[],"class_list":{"0":"post-350043","1":"product","2":"type-product","3":"status-publish","4":"has-post-thumbnail","6":"product_cat-geraetetraeger-fuer-lichtbandsystem","8":"first","9":"instock","10":"taxable","11":"shipping-taxable","12":"product-type-simple"},"_links":{"self":[{"href":"https:\/\/www.arclite-shop.de\/fr\/wp-json\/wp\/v2\/product\/350043","targetHints":{"allow":["GET"]}}],"collection":[{"href":"https:\/\/www.arclite-shop.de\/fr\/wp-json\/wp\/v2\/product"}],"about":[{"href":"https:\/\/www.arclite-shop.de\/fr\/wp-json\/wp\/v2\/types\/product"}],"wp:featuredmedia":[{"embeddable":true,"href":"https:\/\/www.arclite-shop.de\/fr\/wp-json\/wp\/v2\/media\/366850"}],"wp:attachment":[{"href":"https:\/\/www.arclite-shop.de\/fr\/wp-json\/wp\/v2\/media?parent=350043"}],"wp:term":[{"taxonomy":"product_brand","embeddable":true,"href":"https:\/\/www.arclite-shop.de\/fr\/wp-json\/wp\/v2\/product_brand?post=350043"},{"taxonomy":"product_cat","embeddable":true,"href":"https:\/\/www.arclite-shop.de\/fr\/wp-json\/wp\/v2\/product_cat?post=350043"},{"taxonomy":"product_tag","embeddable":true,"href":"https:\/\/www.arclite-shop.de\/fr\/wp-json\/wp\/v2\/product_tag?post=350043"}],"curies":[{"name":"wp","href":"https:\/\/api.w.org\/{rel}","templated":true}]}}