{"id":349987,"date":"2024-10-31T14:10:40","date_gmt":"2024-10-31T13:10:40","guid":{"rendered":"https:\/\/www.arclite-shop.de\/produkt\/02-4058075271487\/"},"modified":"2026-04-18T04:05:40","modified_gmt":"2026-04-18T02:05:40","slug":"02-4058075271487","status":"publish","type":"product","link":"https:\/\/www.arclite-shop.de\/fr\/produkt\/02-4058075271487\/","title":{"rendered":"Lampe de plafond au design plat et moderne"},"content":{"rendered":"<p>Deckenleuchte mit einem flachen und modernen Design. Produkteigenschaften: Ersatz f\u00fcr konventionelle T8-Leuchten. Wand- und Deckenlichtleiste. Material: Aluminium (Geh\u00e4use), Polycarbonat (Diffusor). Lebensdauer: bis zu 30.000 h. Verf\u00fcgbare L\u00e4ngen: 0,6 m, 1,2 m. Farbtemperatur: 4.000 K. Produktvorteile: Flexible Montagem\u00f6glichkeiten. Funktionales und minimalistisches Design. Anwendungsgebiete: Innenraumanwendungen. Heimarbeitspl\u00e4tze. Allgemeine Innenbeleuchtung. K\u00fcchen, Arbeitsbereiche.<\/p>\n","protected":false},"excerpt":{"rendered":"<p>Deckenleuchte mit einem flachen und modernen Design. Produkteigenschaften: Ersatz f\u00fcr konventionelle T8-Leuchten. Wand- und Deckenlichtleiste. Material: Aluminium (Geh\u00e4use), Polycarbonat (Diffusor). Lebensdauer: bis zu 30.000 h. Verf\u00fcgbare L\u00e4ngen: 0,6 m, 1,2 m. Farbtemperatur: 4.000 K. Produktvorteile: Flexible Montagem\u00f6glichkeiten. Funktionales und minimalistisches<span class=\"excerpt-hellip\"> [\u2026]<\/span><\/p>\n","protected":false},"featured_media":366930,"template":"","meta":[],"product_brand":[],"product_cat":[87052],"product_tag":[],"class_list":{"0":"post-349987","1":"product","2":"type-product","3":"status-publish","4":"has-post-thumbnail","6":"product_cat-decken-wandleuchte","8":"first","9":"instock","10":"taxable","11":"shipping-taxable","12":"product-type-simple"},"_links":{"self":[{"href":"https:\/\/www.arclite-shop.de\/fr\/wp-json\/wp\/v2\/product\/349987","targetHints":{"allow":["GET"]}}],"collection":[{"href":"https:\/\/www.arclite-shop.de\/fr\/wp-json\/wp\/v2\/product"}],"about":[{"href":"https:\/\/www.arclite-shop.de\/fr\/wp-json\/wp\/v2\/types\/product"}],"wp:featuredmedia":[{"embeddable":true,"href":"https:\/\/www.arclite-shop.de\/fr\/wp-json\/wp\/v2\/media\/366930"}],"wp:attachment":[{"href":"https:\/\/www.arclite-shop.de\/fr\/wp-json\/wp\/v2\/media?parent=349987"}],"wp:term":[{"taxonomy":"product_brand","embeddable":true,"href":"https:\/\/www.arclite-shop.de\/fr\/wp-json\/wp\/v2\/product_brand?post=349987"},{"taxonomy":"product_cat","embeddable":true,"href":"https:\/\/www.arclite-shop.de\/fr\/wp-json\/wp\/v2\/product_cat?post=349987"},{"taxonomy":"product_tag","embeddable":true,"href":"https:\/\/www.arclite-shop.de\/fr\/wp-json\/wp\/v2\/product_tag?post=349987"}],"curies":[{"name":"wp","href":"https:\/\/api.w.org\/{rel}","templated":true}]}}