{"id":349973,"date":"2024-10-31T14:10:30","date_gmt":"2024-10-31T13:10:30","guid":{"rendered":"https:\/\/www.arclite-shop.de\/produkt\/02-4058075266889\/"},"modified":"2026-05-08T18:10:06","modified_gmt":"2026-05-08T16:10:06","slug":"02-4058075266889","status":"publish","type":"product","link":"https:\/\/www.arclite-shop.de\/fr\/produkt\/02-4058075266889\/","title":{"rendered":"Veilleuse \u00e0 douille avec lumi\u00e8re blanche chaude et capteur de lumi\u00e8re diurne"},"content":{"rendered":"<p>Steckdosen-Nachtlicht mit warmwei\u00dfem Licht und Tageslichtsensor. Produkteigenschaften: Integrierter Tag-\/Nacht-Sensor. Direkter Netzanschluss an 220\u2026240 V. Produktvorteile: Attraktives und funktionales Design. Plug-and-Play durch EU-Stecker. Automatisches Ein- und Ausschalten abh\u00e4ngig vom Tageslicht. Anwendungsgebiete: Kinderschlafzimmer. Dekorative Wohnbeleuchtung. Nur f\u00fcr Innenraumbeleuchtung.<\/p>\n","protected":false},"excerpt":{"rendered":"<p>Steckdosen-Nachtlicht mit warmwei\u00dfem Licht und Tageslichtsensor. Produkteigenschaften: Integrierter Tag-\/Nacht-Sensor. Direkter Netzanschluss an 220\u2026240 V. Produktvorteile: Attraktives und funktionales Design. Plug-and-Play durch EU-Stecker. Automatisches Ein- und Ausschalten abh\u00e4ngig vom Tageslicht. Anwendungsgebiete: Kinderschlafzimmer. Dekorative Wohnbeleuchtung. Nur f\u00fcr Innenraumbeleuchtung.<\/p>\n","protected":false},"featured_media":366962,"template":"","meta":[],"product_brand":[],"product_cat":[87155],"product_tag":[],"class_list":{"0":"post-349973","1":"product","2":"type-product","3":"status-publish","4":"has-post-thumbnail","6":"product_cat-nachtlicht","8":"first","9":"outofstock","10":"taxable","11":"shipping-taxable","12":"product-type-simple"},"_links":{"self":[{"href":"https:\/\/www.arclite-shop.de\/fr\/wp-json\/wp\/v2\/product\/349973","targetHints":{"allow":["GET"]}}],"collection":[{"href":"https:\/\/www.arclite-shop.de\/fr\/wp-json\/wp\/v2\/product"}],"about":[{"href":"https:\/\/www.arclite-shop.de\/fr\/wp-json\/wp\/v2\/types\/product"}],"wp:featuredmedia":[{"embeddable":true,"href":"https:\/\/www.arclite-shop.de\/fr\/wp-json\/wp\/v2\/media\/366962"}],"wp:attachment":[{"href":"https:\/\/www.arclite-shop.de\/fr\/wp-json\/wp\/v2\/media?parent=349973"}],"wp:term":[{"taxonomy":"product_brand","embeddable":true,"href":"https:\/\/www.arclite-shop.de\/fr\/wp-json\/wp\/v2\/product_brand?post=349973"},{"taxonomy":"product_cat","embeddable":true,"href":"https:\/\/www.arclite-shop.de\/fr\/wp-json\/wp\/v2\/product_cat?post=349973"},{"taxonomy":"product_tag","embeddable":true,"href":"https:\/\/www.arclite-shop.de\/fr\/wp-json\/wp\/v2\/product_tag?post=349973"}],"curies":[{"name":"wp","href":"https:\/\/api.w.org\/{rel}","templated":true}]}}