{"id":349943,"date":"2024-10-31T14:10:08","date_gmt":"2024-10-31T13:10:08","guid":{"rendered":"https:\/\/www.arclite-shop.de\/produkt\/02-4058075232983\/"},"modified":"2026-04-18T04:25:40","modified_gmt":"2026-04-18T02:25:40","slug":"02-4058075232983","status":"publish","type":"product","link":"https:\/\/www.arclite-shop.de\/fr\/produkt\/02-4058075232983\/","title":{"rendered":"Capteur pour tube connect\u00e9 \u00e0 LED"},"content":{"rendered":"<p>Sensor f\u00fcr LED TUBE CONNECTED R\u00f6hre. Produkteigenschaften: Intelligenter kabelloser PIR-Bewegungssensor. Montageh\u00f6he: 4\u202614 m. Zweistufiges Dimmen: 20 % und 100 % Lichtleistung. Netzwerkprotokoll: ZigBee 3.0 (2.4 GHz Mesh Network). Connected Tube kann nur mit dem SubstiTube Connected Sensor betrieben werden. Produktvorteile: Netzwerk mehrerer Sensoren m\u00f6glich. Steuerung von kompatiblen Produkten auch ohne Internetverbindung oder Smart Devices. Einfache Installation und Nutzung. Anwendungsgebiete: Nur f\u00fcr Innenraumbeleuchtung (IP54). Parkgaragen, Lagerfl\u00e4chen, Fertigungsbereiche, Korridore. Passiver Infrarotsensor f\u00fcr Umgebungstemperaturen von \u201320\u2026+50 \u00b0C. Industrie.<\/p>\n","protected":false},"excerpt":{"rendered":"<p>Sensor f\u00fcr LED TUBE CONNECTED R\u00f6hre. Produkteigenschaften: Intelligenter kabelloser PIR-Bewegungssensor. Montageh\u00f6he: 4\u202614 m. Zweistufiges Dimmen: 20 % und 100 % Lichtleistung. Netzwerkprotokoll: ZigBee 3.0 (2.4 GHz Mesh Network). Connected Tube kann nur mit dem SubstiTube Connected Sensor betrieben werden. Produktvorteile:<span class=\"excerpt-hellip\"> [\u2026]<\/span><\/p>\n","protected":false},"featured_media":367008,"template":"","meta":[],"product_brand":[],"product_cat":[87127],"product_tag":[],"class_list":{"0":"post-349943","1":"product","2":"type-product","3":"status-publish","4":"has-post-thumbnail","6":"product_cat-bewegungsmelder-sensor","8":"first","9":"instock","10":"taxable","11":"shipping-taxable","12":"product-type-simple"},"_links":{"self":[{"href":"https:\/\/www.arclite-shop.de\/fr\/wp-json\/wp\/v2\/product\/349943","targetHints":{"allow":["GET"]}}],"collection":[{"href":"https:\/\/www.arclite-shop.de\/fr\/wp-json\/wp\/v2\/product"}],"about":[{"href":"https:\/\/www.arclite-shop.de\/fr\/wp-json\/wp\/v2\/types\/product"}],"wp:featuredmedia":[{"embeddable":true,"href":"https:\/\/www.arclite-shop.de\/fr\/wp-json\/wp\/v2\/media\/367008"}],"wp:attachment":[{"href":"https:\/\/www.arclite-shop.de\/fr\/wp-json\/wp\/v2\/media?parent=349943"}],"wp:term":[{"taxonomy":"product_brand","embeddable":true,"href":"https:\/\/www.arclite-shop.de\/fr\/wp-json\/wp\/v2\/product_brand?post=349943"},{"taxonomy":"product_cat","embeddable":true,"href":"https:\/\/www.arclite-shop.de\/fr\/wp-json\/wp\/v2\/product_cat?post=349943"},{"taxonomy":"product_tag","embeddable":true,"href":"https:\/\/www.arclite-shop.de\/fr\/wp-json\/wp\/v2\/product_tag?post=349943"}],"curies":[{"name":"wp","href":"https:\/\/api.w.org\/{rel}","templated":true}]}}