{"id":349935,"date":"2024-10-31T14:10:03","date_gmt":"2024-10-31T13:10:03","guid":{"rendered":"https:\/\/www.arclite-shop.de\/produkt\/02-4058075228801\/"},"modified":"2026-04-18T04:29:33","modified_gmt":"2026-04-18T02:29:33","slug":"02-4058075228801","status":"publish","type":"product","link":"https:\/\/www.arclite-shop.de\/fr\/produkt\/02-4058075228801\/","title":{"rendered":"\u00c9metteurs capteurs muraux ext\u00e9rieurs tr\u00e8s efficaces avec un large angle de faisceau dans une conception optique innovante"},"content":{"rendered":"<p>Hocheffiziente Aussenwand-Sensorstrahler mit weitem Ausstrahlungswinkel in innovativem optischen Design. Produkteigenschaften: 4 Einstellm\u00f6glichkeiten w\u00e4hlbar (Licht 6h permanent an, stand-by, Einschalten bei Bewegung oder D\u00e4mmerung). Verstellbarer Leuchtenkopf. Schutzart: IP55. Sto\u00dffestigkeit: IK05. Schutzklasse: II. Produktvorteile: Gleichm\u00e4ssige Fl\u00e4chenausleuchtung. Schwenkbarer Leuchtenkopf erm\u00f6glicht eine bedarfsgerechte Beleuchtung. Einfache und schnelle Installation. Anwendungsgebiete: Au\u00dfenbereiche. Parkpl\u00e4tze, Pl\u00e4tze, Parks. Arkadeng\u00e4nge.<\/p>\n","protected":false},"excerpt":{"rendered":"<p>Hocheffiziente Aussenwand-Sensorstrahler mit weitem Ausstrahlungswinkel in innovativem optischen Design. Produkteigenschaften: 4 Einstellm\u00f6glichkeiten w\u00e4hlbar (Licht 6h permanent an, stand-by, Einschalten bei Bewegung oder D\u00e4mmerung). Verstellbarer Leuchtenkopf. Schutzart: IP55. Sto\u00dffestigkeit: IK05. Schutzklasse: II. Produktvorteile: Gleichm\u00e4ssige Fl\u00e4chenausleuchtung. Schwenkbarer Leuchtenkopf erm\u00f6glicht eine bedarfsgerechte Beleuchtung.<span class=\"excerpt-hellip\"> [\u2026]<\/span><\/p>\n","protected":false},"featured_media":367020,"template":"","meta":[],"product_brand":[],"product_cat":[87053],"product_tag":[],"class_list":{"0":"post-349935","1":"product","2":"type-product","3":"status-publish","4":"has-post-thumbnail","6":"product_cat-downlight-strahler-flutlicht","8":"first","9":"instock","10":"taxable","11":"shipping-taxable","12":"product-type-simple"},"_links":{"self":[{"href":"https:\/\/www.arclite-shop.de\/fr\/wp-json\/wp\/v2\/product\/349935","targetHints":{"allow":["GET"]}}],"collection":[{"href":"https:\/\/www.arclite-shop.de\/fr\/wp-json\/wp\/v2\/product"}],"about":[{"href":"https:\/\/www.arclite-shop.de\/fr\/wp-json\/wp\/v2\/types\/product"}],"wp:featuredmedia":[{"embeddable":true,"href":"https:\/\/www.arclite-shop.de\/fr\/wp-json\/wp\/v2\/media\/367020"}],"wp:attachment":[{"href":"https:\/\/www.arclite-shop.de\/fr\/wp-json\/wp\/v2\/media?parent=349935"}],"wp:term":[{"taxonomy":"product_brand","embeddable":true,"href":"https:\/\/www.arclite-shop.de\/fr\/wp-json\/wp\/v2\/product_brand?post=349935"},{"taxonomy":"product_cat","embeddable":true,"href":"https:\/\/www.arclite-shop.de\/fr\/wp-json\/wp\/v2\/product_cat?post=349935"},{"taxonomy":"product_tag","embeddable":true,"href":"https:\/\/www.arclite-shop.de\/fr\/wp-json\/wp\/v2\/product_tag?post=349935"}],"curies":[{"name":"wp","href":"https:\/\/api.w.org\/{rel}","templated":true}]}}