{"id":349929,"date":"2024-10-31T14:09:59","date_gmt":"2024-10-31T13:09:59","guid":{"rendered":"https:\/\/www.arclite-shop.de\/produkt\/02-4058075227545\/"},"modified":"2026-04-18T04:32:19","modified_gmt":"2026-04-18T02:32:19","slug":"02-4058075227545","status":"publish","type":"product","link":"https:\/\/www.arclite-shop.de\/fr\/produkt\/02-4058075227545\/","title":{"rendered":"Luminaires LED \u00e0 effet spontan\u00e9 et anneau en nickel"},"content":{"rendered":"<p>LED-Leuchten mit Glanzlichteffekt und Nickelring. Produkteigenschaften: Deckenleuchte mit fortschrittlicher LED-Technik. Kreisf\u00f6rmige Lichtausstrahlung. Geh\u00e4useoberfl\u00e4che aus geb\u00fcrstetem Nickel. Farbtemperatur-Einstellung, Dimmen und Nachtfunktion \u00fcber Fernbedienung. Produktvorteile: Sehr homogenes Licht. Einfache und schnelle Installation. Anwendungsgebiete: Nur f\u00fcr Innenraumbeleuchtung. Dekorative Wohnbeleuchtung. Decken- und Wandanbau. Technische Ausstattung: Vollst\u00e4ndiges Montage- und Anschlusszubeh\u00f6r enthalten.<\/p>\n","protected":false},"excerpt":{"rendered":"<p>LED-Leuchten mit Glanzlichteffekt und Nickelring. Produkteigenschaften: Deckenleuchte mit fortschrittlicher LED-Technik. Kreisf\u00f6rmige Lichtausstrahlung. Geh\u00e4useoberfl\u00e4che aus geb\u00fcrstetem Nickel. Farbtemperatur-Einstellung, Dimmen und Nachtfunktion \u00fcber Fernbedienung. Produktvorteile: Sehr homogenes Licht. Einfache und schnelle Installation. Anwendungsgebiete: Nur f\u00fcr Innenraumbeleuchtung. Dekorative Wohnbeleuchtung. Decken- und Wandanbau. Technische<span class=\"excerpt-hellip\"> [\u2026]<\/span><\/p>\n","protected":false},"featured_media":367030,"template":"","meta":[],"product_brand":[],"product_cat":[87052],"product_tag":[],"class_list":{"0":"post-349929","1":"product","2":"type-product","3":"status-publish","4":"has-post-thumbnail","6":"product_cat-decken-wandleuchte","8":"first","9":"instock","10":"taxable","11":"shipping-taxable","12":"product-type-simple"},"_links":{"self":[{"href":"https:\/\/www.arclite-shop.de\/fr\/wp-json\/wp\/v2\/product\/349929","targetHints":{"allow":["GET"]}}],"collection":[{"href":"https:\/\/www.arclite-shop.de\/fr\/wp-json\/wp\/v2\/product"}],"about":[{"href":"https:\/\/www.arclite-shop.de\/fr\/wp-json\/wp\/v2\/types\/product"}],"wp:featuredmedia":[{"embeddable":true,"href":"https:\/\/www.arclite-shop.de\/fr\/wp-json\/wp\/v2\/media\/367030"}],"wp:attachment":[{"href":"https:\/\/www.arclite-shop.de\/fr\/wp-json\/wp\/v2\/media?parent=349929"}],"wp:term":[{"taxonomy":"product_brand","embeddable":true,"href":"https:\/\/www.arclite-shop.de\/fr\/wp-json\/wp\/v2\/product_brand?post=349929"},{"taxonomy":"product_cat","embeddable":true,"href":"https:\/\/www.arclite-shop.de\/fr\/wp-json\/wp\/v2\/product_cat?post=349929"},{"taxonomy":"product_tag","embeddable":true,"href":"https:\/\/www.arclite-shop.de\/fr\/wp-json\/wp\/v2\/product_tag?post=349929"}],"curies":[{"name":"wp","href":"https:\/\/api.w.org\/{rel}","templated":true}]}}