{"id":349900,"date":"2024-10-31T14:09:40","date_gmt":"2024-10-31T13:09:40","guid":{"rendered":"https:\/\/www.arclite-shop.de\/produkt\/02-4058075205376\/"},"modified":"2026-04-18T05:02:01","modified_gmt":"2026-04-18T03:02:01","slug":"02-4058075205376","status":"publish","type":"product","link":"https:\/\/www.arclite-shop.de\/fr\/produkt\/02-4058075205376\/","title":{"rendered":"Les luminaires muraux et bornes en acier inoxydable ont un aspect avec lumi\u00e8re indirecte"},"content":{"rendered":"<p>Wand- und Pollerleuchten in Edelstahloptik mit indirektem Licht. Produkteigenschaften: Helle und funktionelle LED-Au\u00dfenleuchten. Geh\u00e4use aus Polycarbonat mit Edelstahl ummantelt. Verf\u00fcgbar als Wand-, Decken- und Pollerleuchten. Produktvorteile: Energieeffizient durch LED-Technik. Einfache und schnelle Installation. Anwendungsgebiete: Au\u00dfenanwendung (IP44). Anstrahlung von Fassaden. G\u00e4rten, Balkone und andere Au\u00dfenbereiche. Wegebeleuchtung. Auffahrten. Technische Ausstattung: Vollst\u00e4ndiges Montage- und Anschlusszubeh\u00f6r enthalten.<\/p>\n","protected":false},"excerpt":{"rendered":"<p>Wand- und Pollerleuchten in Edelstahloptik mit indirektem Licht. Produkteigenschaften: Helle und funktionelle LED-Au\u00dfenleuchten. Geh\u00e4use aus Polycarbonat mit Edelstahl ummantelt. Verf\u00fcgbar als Wand-, Decken- und Pollerleuchten. Produktvorteile: Energieeffizient durch LED-Technik. Einfache und schnelle Installation. Anwendungsgebiete: Au\u00dfenanwendung (IP44). Anstrahlung von Fassaden. G\u00e4rten,<span class=\"excerpt-hellip\"> [\u2026]<\/span><\/p>\n","protected":false},"featured_media":367072,"template":"","meta":[],"product_brand":[],"product_cat":[87052],"product_tag":[],"class_list":{"0":"post-349900","1":"product","2":"type-product","3":"status-publish","4":"has-post-thumbnail","6":"product_cat-decken-wandleuchte","8":"first","9":"instock","10":"taxable","11":"shipping-taxable","12":"product-type-simple"},"_links":{"self":[{"href":"https:\/\/www.arclite-shop.de\/fr\/wp-json\/wp\/v2\/product\/349900","targetHints":{"allow":["GET"]}}],"collection":[{"href":"https:\/\/www.arclite-shop.de\/fr\/wp-json\/wp\/v2\/product"}],"about":[{"href":"https:\/\/www.arclite-shop.de\/fr\/wp-json\/wp\/v2\/types\/product"}],"wp:featuredmedia":[{"embeddable":true,"href":"https:\/\/www.arclite-shop.de\/fr\/wp-json\/wp\/v2\/media\/367072"}],"wp:attachment":[{"href":"https:\/\/www.arclite-shop.de\/fr\/wp-json\/wp\/v2\/media?parent=349900"}],"wp:term":[{"taxonomy":"product_brand","embeddable":true,"href":"https:\/\/www.arclite-shop.de\/fr\/wp-json\/wp\/v2\/product_brand?post=349900"},{"taxonomy":"product_cat","embeddable":true,"href":"https:\/\/www.arclite-shop.de\/fr\/wp-json\/wp\/v2\/product_cat?post=349900"},{"taxonomy":"product_tag","embeddable":true,"href":"https:\/\/www.arclite-shop.de\/fr\/wp-json\/wp\/v2\/product_tag?post=349900"}],"curies":[{"name":"wp","href":"https:\/\/api.w.org\/{rel}","templated":true}]}}