{"id":349893,"date":"2024-10-31T14:09:35","date_gmt":"2024-10-31T13:09:35","guid":{"rendered":"https:\/\/www.arclite-shop.de\/produkt\/02-4058075205031\/"},"modified":"2026-04-18T05:05:44","modified_gmt":"2026-04-18T03:05:44","slug":"02-4058075205031","status":"publish","type":"product","link":"https:\/\/www.arclite-shop.de\/fr\/produkt\/02-4058075205031\/","title":{"rendered":"Luminaires modernes avec guides lumineux pour faible \u00e9blouissement"},"content":{"rendered":"<p>Moderne Leuchten mit Lichtleiter f\u00fcr blendarmes Licht. Produkteigenschaften: Sehr helle und funktionelle LED-Au\u00dfenleuchten. Geh\u00e4use aus Aluminiumdruckguss. Verf\u00fcgbar als Wand- und Pollerleuchten. Produktvorteile: Energieeffizient durch LED-Technik. Einfache und schnelle Installation. Anwendungsgebiete: Au\u00dfenanwendung (IP44). Anstrahlung von Fassaden. G\u00e4rten, Balkone und andere Au\u00dfenbereiche. Wegebeleuchtung. Auffahrten. Technische Ausstattung: Vollst\u00e4ndiges Montage- und Anschlusszubeh\u00f6r enthalten.<\/p>\n","protected":false},"excerpt":{"rendered":"<p>Moderne Leuchten mit Lichtleiter f\u00fcr blendarmes Licht. Produkteigenschaften: Sehr helle und funktionelle LED-Au\u00dfenleuchten. Geh\u00e4use aus Aluminiumdruckguss. Verf\u00fcgbar als Wand- und Pollerleuchten. Produktvorteile: Energieeffizient durch LED-Technik. Einfache und schnelle Installation. Anwendungsgebiete: Au\u00dfenanwendung (IP44). Anstrahlung von Fassaden. G\u00e4rten, Balkone und andere Au\u00dfenbereiche.<span class=\"excerpt-hellip\"> [\u2026]<\/span><\/p>\n","protected":false},"featured_media":367088,"template":"","meta":[],"product_brand":[],"product_cat":[87123],"product_tag":[],"class_list":{"0":"post-349893","1":"product","2":"type-product","3":"status-publish","4":"has-post-thumbnail","6":"product_cat-wegeleuchte","8":"first","9":"outofstock","10":"taxable","11":"shipping-taxable","12":"product-type-simple"},"_links":{"self":[{"href":"https:\/\/www.arclite-shop.de\/fr\/wp-json\/wp\/v2\/product\/349893","targetHints":{"allow":["GET"]}}],"collection":[{"href":"https:\/\/www.arclite-shop.de\/fr\/wp-json\/wp\/v2\/product"}],"about":[{"href":"https:\/\/www.arclite-shop.de\/fr\/wp-json\/wp\/v2\/types\/product"}],"wp:featuredmedia":[{"embeddable":true,"href":"https:\/\/www.arclite-shop.de\/fr\/wp-json\/wp\/v2\/media\/367088"}],"wp:attachment":[{"href":"https:\/\/www.arclite-shop.de\/fr\/wp-json\/wp\/v2\/media?parent=349893"}],"wp:term":[{"taxonomy":"product_brand","embeddable":true,"href":"https:\/\/www.arclite-shop.de\/fr\/wp-json\/wp\/v2\/product_brand?post=349893"},{"taxonomy":"product_cat","embeddable":true,"href":"https:\/\/www.arclite-shop.de\/fr\/wp-json\/wp\/v2\/product_cat?post=349893"},{"taxonomy":"product_tag","embeddable":true,"href":"https:\/\/www.arclite-shop.de\/fr\/wp-json\/wp\/v2\/product_tag?post=349893"}],"curies":[{"name":"wp","href":"https:\/\/api.w.org\/{rel}","templated":true}]}}