{"id":349862,"date":"2024-10-31T14:09:15","date_gmt":"2024-10-31T13:09:15","guid":{"rendered":"https:\/\/www.arclite-shop.de\/produkt\/02-4058075133327\/"},"modified":"2026-04-18T05:28:27","modified_gmt":"2026-04-18T03:28:27","slug":"02-4058075133327","status":"publish","type":"product","link":"https:\/\/www.arclite-shop.de\/fr\/produkt\/02-4058075133327\/","title":{"rendered":"Abpendel-Drahtseil"},"content":{"rendered":"<p>Abpendel-Drahtseil. Produkteigenschaften: Stahlseil als Zusatz f\u00fcr die abgeh\u00e4ngte Lichtbandmontage mit Schnellverbinder. Anpassbare Stahlseile, maximale L\u00e4nge jeweils: 1.5 m. Produktvorteile: Zubeh\u00f6r-Drahtseil f\u00fcr abgependelte Montage von Lichtb\u00e4ndern. Stahlseill\u00e4nge anpassbar dank Schnellspannerklemme.<\/p>\n","protected":false},"excerpt":{"rendered":"<p>Abpendel-Drahtseil. Produkteigenschaften: Stahlseil als Zusatz f\u00fcr die abgeh\u00e4ngte Lichtbandmontage mit Schnellverbinder. Anpassbare Stahlseile, maximale L\u00e4nge jeweils: 1.5 m. Produktvorteile: Zubeh\u00f6r-Drahtseil f\u00fcr abgependelte Montage von Lichtb\u00e4ndern. Stahlseill\u00e4nge anpassbar dank Schnellspannerklemme.<\/p>\n","protected":false},"featured_media":284088,"template":"","meta":[],"product_brand":[],"product_cat":[87054],"product_tag":[],"class_list":{"0":"post-349862","1":"product","2":"type-product","3":"status-publish","4":"has-post-thumbnail","6":"product_cat-mechanisches-zubehoer-ersatzteile-fuer-leuchten-ledvance","8":"first","9":"instock","10":"taxable","11":"shipping-taxable","12":"product-type-simple"},"_links":{"self":[{"href":"https:\/\/www.arclite-shop.de\/fr\/wp-json\/wp\/v2\/product\/349862","targetHints":{"allow":["GET"]}}],"collection":[{"href":"https:\/\/www.arclite-shop.de\/fr\/wp-json\/wp\/v2\/product"}],"about":[{"href":"https:\/\/www.arclite-shop.de\/fr\/wp-json\/wp\/v2\/types\/product"}],"wp:featuredmedia":[{"embeddable":true,"href":"https:\/\/www.arclite-shop.de\/fr\/wp-json\/wp\/v2\/media\/284088"}],"wp:attachment":[{"href":"https:\/\/www.arclite-shop.de\/fr\/wp-json\/wp\/v2\/media?parent=349862"}],"wp:term":[{"taxonomy":"product_brand","embeddable":true,"href":"https:\/\/www.arclite-shop.de\/fr\/wp-json\/wp\/v2\/product_brand?post=349862"},{"taxonomy":"product_cat","embeddable":true,"href":"https:\/\/www.arclite-shop.de\/fr\/wp-json\/wp\/v2\/product_cat?post=349862"},{"taxonomy":"product_tag","embeddable":true,"href":"https:\/\/www.arclite-shop.de\/fr\/wp-json\/wp\/v2\/product_tag?post=349862"}],"curies":[{"name":"wp","href":"https:\/\/api.w.org\/{rel}","templated":true}]}}