{"id":349785,"date":"2024-10-31T14:08:23","date_gmt":"2024-10-31T13:08:23","guid":{"rendered":"https:\/\/www.arclite-shop.de\/produkt\/02-4058075104082\/"},"modified":"2026-04-18T07:57:57","modified_gmt":"2026-04-18T05:57:57","slug":"02-4058075104082","status":"publish","type":"product","link":"https:\/\/www.arclite-shop.de\/fr\/produkt\/02-4058075104082\/","title":{"rendered":"Downlights avec lumi\u00e8re blanche r\u00e9glable"},"content":{"rendered":"<p>Downlights mit einstellbarer wei\u00dfer Lichtfarbe. Produkteigenschaften: Drei Lichtfarben mittels Schiebeschalter einstellbar. Schutzart: IP54. Anschlussbox mit Steckklemme f\u00fcr werkzeuglosen Anschluss. Durchverdrahtung m\u00f6glich. Produktvorteile: Drei Lichtfarben in einer Leuchte: Warmwei\u00df, Kaltwei\u00df und Tageslichtwei\u00df. Einfache Installation dank integriertem Treiber. Einfache Installation mit schnellem Anschluss. 5 Jahre Garantie. Anwendungsgebiete: Direkter Ersatz f\u00fcr Leuchten mit Kompaktleuchtstofflampen. Allgemeinbeleuchtung. Badezimmer. K\u00fcchen. B\u00fcros. Flure. Eingangsbereiche. Gesch\u00e4fte. Treppenh\u00e4user.<\/p>\n","protected":false},"excerpt":{"rendered":"<p>Downlights mit einstellbarer wei\u00dfer Lichtfarbe. Produkteigenschaften: Drei Lichtfarben mittels Schiebeschalter einstellbar. Schutzart: IP54. Anschlussbox mit Steckklemme f\u00fcr werkzeuglosen Anschluss. Durchverdrahtung m\u00f6glich. Produktvorteile: Drei Lichtfarben in einer Leuchte: Warmwei\u00df, Kaltwei\u00df und Tageslichtwei\u00df. Einfache Installation dank integriertem Treiber. Einfache Installation mit schnellem<span class=\"excerpt-hellip\"> [\u2026]<\/span><\/p>\n","protected":false},"featured_media":367172,"template":"","meta":[],"product_brand":[],"product_cat":[87053],"product_tag":[],"class_list":{"0":"post-349785","1":"product","2":"type-product","3":"status-publish","4":"has-post-thumbnail","6":"product_cat-downlight-strahler-flutlicht","8":"first","9":"instock","10":"taxable","11":"shipping-taxable","12":"product-type-simple"},"_links":{"self":[{"href":"https:\/\/www.arclite-shop.de\/fr\/wp-json\/wp\/v2\/product\/349785","targetHints":{"allow":["GET"]}}],"collection":[{"href":"https:\/\/www.arclite-shop.de\/fr\/wp-json\/wp\/v2\/product"}],"about":[{"href":"https:\/\/www.arclite-shop.de\/fr\/wp-json\/wp\/v2\/types\/product"}],"wp:featuredmedia":[{"embeddable":true,"href":"https:\/\/www.arclite-shop.de\/fr\/wp-json\/wp\/v2\/media\/367172"}],"wp:attachment":[{"href":"https:\/\/www.arclite-shop.de\/fr\/wp-json\/wp\/v2\/media?parent=349785"}],"wp:term":[{"taxonomy":"product_brand","embeddable":true,"href":"https:\/\/www.arclite-shop.de\/fr\/wp-json\/wp\/v2\/product_brand?post=349785"},{"taxonomy":"product_cat","embeddable":true,"href":"https:\/\/www.arclite-shop.de\/fr\/wp-json\/wp\/v2\/product_cat?post=349785"},{"taxonomy":"product_tag","embeddable":true,"href":"https:\/\/www.arclite-shop.de\/fr\/wp-json\/wp\/v2\/product_tag?post=349785"}],"curies":[{"name":"wp","href":"https:\/\/api.w.org\/{rel}","templated":true}]}}