{"id":349776,"date":"2024-10-31T14:08:17","date_gmt":"2024-10-31T13:08:17","guid":{"rendered":"https:\/\/www.arclite-shop.de\/produkt\/02-4058075102545\/"},"modified":"2026-04-18T08:13:48","modified_gmt":"2026-04-18T06:13:48","slug":"02-4058075102545","status":"publish","type":"product","link":"https:\/\/www.arclite-shop.de\/fr\/produkt\/02-4058075102545\/","title":{"rendered":"Inserts luminaires \u00e0 \u00e9mission lumineuse \u00e9troite"},"content":{"rendered":"<p>Leuchteneins\u00e4tze mit enger Lichtausstrahlung. Produkteigenschaften: Schmaler Ausstrahlungswinkel: 25\u00b0. Lichtausbeute: bis zu 135 lm\/W. Fixierte Stromabgriffe f\u00fcr die elektrische Verbindung. Hochwertiges Aluminiumgeh\u00e4use. Schutzart: IP20. Folgt der einheitlichen Designsprache von LEDVANCE (SCALE Design). Produktvorteile: Innovatives optisches Design mit gezogener Stablinsentechnologie \u00fcber die ganze Leuchtenl\u00e4nge. Innenliegende Leuchtenhalter sichern die Leuchte bei der Montage gegen Herausfallen. Einfache elektrische und mechanische Verbindung mit der Tragschiene durch Einklickmontage. Tiefstrahlende Lichtverteilung f\u00fcr die Anwendung in hohen R\u00e4umen. Sauberer Look, da Montageklammern nach der Montage nicht sichtbar sind. Plug-and-play-System erm\u00f6glicht einfache Installation. Hochwertiges Design. Lichtb\u00e4nder mit bis 81 (On-Off) \/ 99 (DALI) Leuchten und einer Gesamtl\u00e4nge von 124 m (On-Off) \/ 151 m (DALI) m\u00f6glich. Energieersparnis bis zu 65 % im Vergleich zu Leuchten mit 2 x 80-W-T5-Lampen. Version mit DALI-EVG verf\u00fcgbar. Anwendungsgebiete: Direkter Ersatz f\u00fcr Leuchten mit Kompaktleuchtstofflampen. Industriehallen, Hochregallager, Werkst\u00e4tten, Baum\u00e4rkte. Discounter, Superm\u00e4rkte. Technische Ausstattung: Tragschiene mit festintegriertem 5- (On-Off) \/7-poligen (DALI) Kabelstrang.<\/p>\n","protected":false},"excerpt":{"rendered":"<p>Leuchteneins\u00e4tze mit enger Lichtausstrahlung. Produkteigenschaften: Schmaler Ausstrahlungswinkel: 25\u00b0. Lichtausbeute: bis zu 135 lm\/W. Fixierte Stromabgriffe f\u00fcr die elektrische Verbindung. Hochwertiges Aluminiumgeh\u00e4use. Schutzart: IP20. Folgt der einheitlichen Designsprache von LEDVANCE (SCALE Design). Produktvorteile: Innovatives optisches Design mit gezogener Stablinsentechnologie \u00fcber die<span class=\"excerpt-hellip\"> [\u2026]<\/span><\/p>\n","protected":false},"featured_media":367180,"template":"","meta":[],"product_brand":[],"product_cat":[87074],"product_tag":[],"class_list":{"0":"post-349776","1":"product","2":"type-product","3":"status-publish","4":"has-post-thumbnail","6":"product_cat-geraetetraeger-fuer-lichtbandsystem","8":"first","9":"instock","10":"taxable","11":"shipping-taxable","12":"product-type-simple"},"_links":{"self":[{"href":"https:\/\/www.arclite-shop.de\/fr\/wp-json\/wp\/v2\/product\/349776","targetHints":{"allow":["GET"]}}],"collection":[{"href":"https:\/\/www.arclite-shop.de\/fr\/wp-json\/wp\/v2\/product"}],"about":[{"href":"https:\/\/www.arclite-shop.de\/fr\/wp-json\/wp\/v2\/types\/product"}],"wp:featuredmedia":[{"embeddable":true,"href":"https:\/\/www.arclite-shop.de\/fr\/wp-json\/wp\/v2\/media\/367180"}],"wp:attachment":[{"href":"https:\/\/www.arclite-shop.de\/fr\/wp-json\/wp\/v2\/media?parent=349776"}],"wp:term":[{"taxonomy":"product_brand","embeddable":true,"href":"https:\/\/www.arclite-shop.de\/fr\/wp-json\/wp\/v2\/product_brand?post=349776"},{"taxonomy":"product_cat","embeddable":true,"href":"https:\/\/www.arclite-shop.de\/fr\/wp-json\/wp\/v2\/product_cat?post=349776"},{"taxonomy":"product_tag","embeddable":true,"href":"https:\/\/www.arclite-shop.de\/fr\/wp-json\/wp\/v2\/product_tag?post=349776"}],"curies":[{"name":"wp","href":"https:\/\/api.w.org\/{rel}","templated":true}]}}