{"id":349770,"date":"2024-10-31T14:08:13","date_gmt":"2024-10-31T13:08:13","guid":{"rendered":"https:\/\/www.arclite-shop.de\/produkt\/02-4058075100336\/"},"modified":"2026-04-18T08:20:02","modified_gmt":"2026-04-18T06:20:02","slug":"02-4058075100336","status":"publish","type":"product","link":"https:\/\/www.arclite-shop.de\/fr\/produkt\/02-4058075100336\/","title":{"rendered":"Rails de montage \u00e0 5 broches"},"content":{"rendered":"<p>5-polige Tragschienen. Produkteigenschaften: Durchverdrahtet mit 5-poligem Kabel. Verschiedene L\u00e4ngen verf\u00fcgbar. Stromeinspeisung intern an der ersten Leuchte, keine zus\u00e4tzliche Einspeiseeinheit notwendig. Eloxierte Oberfl\u00e4che. Verwindungssteifes Geh\u00e4use aus Aluminium. Produktvorteile: Einfache Installation. Hohe Flexibilit\u00e4t dank drei verf\u00fcgbarer L\u00e4ngen (1500 mm, 3000 mm, 4500 mm). Hochwertiges Design. Leichtbauweise. Anwendungsgebiete: Industriehallen, Hochregallager, Werkst\u00e4tten, Baum\u00e4rkte. Discounter, Superm\u00e4rkte. Technische Ausstattung: Verschiedenes Zubeh\u00f6r erh\u00e4ltlich.<\/p>\n","protected":false},"excerpt":{"rendered":"<p>5-polige Tragschienen. Produkteigenschaften: Durchverdrahtet mit 5-poligem Kabel. Verschiedene L\u00e4ngen verf\u00fcgbar. Stromeinspeisung intern an der ersten Leuchte, keine zus\u00e4tzliche Einspeiseeinheit notwendig. Eloxierte Oberfl\u00e4che. Verwindungssteifes Geh\u00e4use aus Aluminium. Produktvorteile: Einfache Installation. Hohe Flexibilit\u00e4t dank drei verf\u00fcgbarer L\u00e4ngen (1500 mm, 3000 mm, 4500<span class=\"excerpt-hellip\"> [\u2026]<\/span><\/p>\n","protected":false},"featured_media":367184,"template":"","meta":[],"product_brand":[],"product_cat":[87073],"product_tag":[],"class_list":{"0":"post-349770","1":"product","2":"type-product","3":"status-publish","4":"has-post-thumbnail","6":"product_cat-tragschiene-fuer-lichtbandsystem-ledvance","8":"first","9":"instock","10":"taxable","11":"shipping-taxable","12":"product-type-simple"},"_links":{"self":[{"href":"https:\/\/www.arclite-shop.de\/fr\/wp-json\/wp\/v2\/product\/349770","targetHints":{"allow":["GET"]}}],"collection":[{"href":"https:\/\/www.arclite-shop.de\/fr\/wp-json\/wp\/v2\/product"}],"about":[{"href":"https:\/\/www.arclite-shop.de\/fr\/wp-json\/wp\/v2\/types\/product"}],"wp:featuredmedia":[{"embeddable":true,"href":"https:\/\/www.arclite-shop.de\/fr\/wp-json\/wp\/v2\/media\/367184"}],"wp:attachment":[{"href":"https:\/\/www.arclite-shop.de\/fr\/wp-json\/wp\/v2\/media?parent=349770"}],"wp:term":[{"taxonomy":"product_brand","embeddable":true,"href":"https:\/\/www.arclite-shop.de\/fr\/wp-json\/wp\/v2\/product_brand?post=349770"},{"taxonomy":"product_cat","embeddable":true,"href":"https:\/\/www.arclite-shop.de\/fr\/wp-json\/wp\/v2\/product_cat?post=349770"},{"taxonomy":"product_tag","embeddable":true,"href":"https:\/\/www.arclite-shop.de\/fr\/wp-json\/wp\/v2\/product_tag?post=349770"}],"curies":[{"name":"wp","href":"https:\/\/api.w.org\/{rel}","templated":true}]}}