{"id":349763,"date":"2024-10-31T14:08:09","date_gmt":"2024-10-31T13:08:09","guid":{"rendered":"https:\/\/www.arclite-shop.de\/produkt\/02-4058075094314\/"},"modified":"2026-04-18T08:26:38","modified_gmt":"2026-04-18T06:26:38","slug":"02-4058075094314","status":"publish","type":"product","link":"https:\/\/www.arclite-shop.de\/fr\/produkt\/02-4058075094314\/","title":{"rendered":"Lampes halog\u00e8nes basse tension avec base enfichable"},"content":{"rendered":"<p>Niedervolt-Halogenlampen mit Stecksockel. Produkteigenschaften: Mittlere Lebensdauer: 2.000 h. 100 % dimmbar. Farbwiedergabeindex Ra: 100. Produktvorteile: Brillantes Akzentlicht. Genial kleine Abmessungen f\u00fcr neue, revolution\u00e4re Leuchtendesigns. F\u00fcr den Betrieb in offenen Leuchten gem\u00e4\u00df IEC 60598-1. Axiale Wendel f\u00fcr optimale Lichtlenkung. Spezialstifte als Korrosionsschutz. UV-Filter. Enth\u00e4lt kein Quecksilber. Anwendungsgebiete: Allgemeinbeleuchtung. Eingangsbeleuchtung. Akzentbeleuchtung. Beleuchtung zum Lesen. Gartenbeleuchtung. Gesch\u00e4fte. Gastst\u00e4tten, Hotels und \u00e4hnliche repr\u00e4sentative Anwendungen. B\u00fcros, \u00f6ffentliche Einrichtungen. Au\u00dfenanwendungen nur in geeigneten Leuchten.<\/p>\n","protected":false},"excerpt":{"rendered":"<p>Niedervolt-Halogenlampen mit Stecksockel. Produkteigenschaften: Mittlere Lebensdauer: 2.000 h. 100 % dimmbar. Farbwiedergabeindex Ra: 100. Produktvorteile: Brillantes Akzentlicht. Genial kleine Abmessungen f\u00fcr neue, revolution\u00e4re Leuchtendesigns. F\u00fcr den Betrieb in offenen Leuchten gem\u00e4\u00df IEC 60598-1. Axiale Wendel f\u00fcr optimale Lichtlenkung. Spezialstifte als<span class=\"excerpt-hellip\"> [\u2026]<\/span><\/p>\n","protected":false},"featured_media":367190,"template":"","meta":[],"product_brand":[],"product_cat":[87061],"product_tag":[],"class_list":{"0":"post-349763","1":"product","2":"type-product","3":"status-publish","4":"has-post-thumbnail","6":"product_cat-niedervolt-halogenlampe-ohne-reflektor","8":"first","9":"instock","10":"taxable","11":"shipping-taxable","12":"product-type-simple"},"_links":{"self":[{"href":"https:\/\/www.arclite-shop.de\/fr\/wp-json\/wp\/v2\/product\/349763","targetHints":{"allow":["GET"]}}],"collection":[{"href":"https:\/\/www.arclite-shop.de\/fr\/wp-json\/wp\/v2\/product"}],"about":[{"href":"https:\/\/www.arclite-shop.de\/fr\/wp-json\/wp\/v2\/types\/product"}],"wp:featuredmedia":[{"embeddable":true,"href":"https:\/\/www.arclite-shop.de\/fr\/wp-json\/wp\/v2\/media\/367190"}],"wp:attachment":[{"href":"https:\/\/www.arclite-shop.de\/fr\/wp-json\/wp\/v2\/media?parent=349763"}],"wp:term":[{"taxonomy":"product_brand","embeddable":true,"href":"https:\/\/www.arclite-shop.de\/fr\/wp-json\/wp\/v2\/product_brand?post=349763"},{"taxonomy":"product_cat","embeddable":true,"href":"https:\/\/www.arclite-shop.de\/fr\/wp-json\/wp\/v2\/product_cat?post=349763"},{"taxonomy":"product_tag","embeddable":true,"href":"https:\/\/www.arclite-shop.de\/fr\/wp-json\/wp\/v2\/product_tag?post=349763"}],"curies":[{"name":"wp","href":"https:\/\/api.w.org\/{rel}","templated":true}]}}