{"id":349699,"date":"2024-10-31T14:07:25","date_gmt":"2024-10-31T13:07:25","guid":{"rendered":"https:\/\/www.arclite-shop.de\/produkt\/02-4058075039803\/"},"modified":"2026-04-18T09:46:50","modified_gmt":"2026-04-18T07:46:50","slug":"02-4058075039803","status":"publish","type":"product","link":"https:\/\/www.arclite-shop.de\/fr\/produkt\/02-4058075039803\/","title":{"rendered":"Lampes aux halog\u00e9nures m\u00e9talliques avec technologie \u00e0 quartz pour luminaires ferm\u00e9s"},"content":{"rendered":"<p>Halogen-Metalldampflampen mit Quarztechnologie f\u00fcr geschlossene Leuchten. Produkteigenschaften: POWERSTAR\u00ae Quarztechnologie. Lichtfarben: Neutralwei\u00df (NDL), Tageslicht (D). Produktvorteile: Schraubsockel E40 f\u00fcr einfache Lampenhandhabung. Dank UV-Filter deutliches Unterschreiten der max. zul\u00e4ssigen UV-Grenzwerte nach IEC 61167. Anwendungsgebiete: Hallen f\u00fcr Industrie und Gewerbe. Ausstellungs- und Messehallen. Sport- und Mehrzweckhallen. Nur f\u00fcr den Betrieb in geschlossenen Leuchten zugelassen. Au\u00dfenanwendungen nur in geeigneten Leuchten.<\/p>\n","protected":false},"excerpt":{"rendered":"<p>Halogen-Metalldampflampen mit Quarztechnologie f\u00fcr geschlossene Leuchten. Produkteigenschaften: POWERSTAR\u00ae Quarztechnologie. Lichtfarben: Neutralwei\u00df (NDL), Tageslicht (D). Produktvorteile: Schraubsockel E40 f\u00fcr einfache Lampenhandhabung. Dank UV-Filter deutliches Unterschreiten der max. zul\u00e4ssigen UV-Grenzwerte nach IEC 61167. Anwendungsgebiete: Hallen f\u00fcr Industrie und Gewerbe. Ausstellungs- und Messehallen.<span class=\"excerpt-hellip\"> [\u2026]<\/span><\/p>\n","protected":false},"featured_media":367256,"template":"","meta":[],"product_brand":[],"product_cat":[87023],"product_tag":[],"class_list":{"0":"post-349699","1":"product","2":"type-product","3":"status-publish","4":"has-post-thumbnail","6":"product_cat-halogen-metalldampflampe-ohne-reflektor-ledvance","8":"first","9":"instock","10":"taxable","11":"shipping-taxable","12":"product-type-simple"},"_links":{"self":[{"href":"https:\/\/www.arclite-shop.de\/fr\/wp-json\/wp\/v2\/product\/349699","targetHints":{"allow":["GET"]}}],"collection":[{"href":"https:\/\/www.arclite-shop.de\/fr\/wp-json\/wp\/v2\/product"}],"about":[{"href":"https:\/\/www.arclite-shop.de\/fr\/wp-json\/wp\/v2\/types\/product"}],"wp:featuredmedia":[{"embeddable":true,"href":"https:\/\/www.arclite-shop.de\/fr\/wp-json\/wp\/v2\/media\/367256"}],"wp:attachment":[{"href":"https:\/\/www.arclite-shop.de\/fr\/wp-json\/wp\/v2\/media?parent=349699"}],"wp:term":[{"taxonomy":"product_brand","embeddable":true,"href":"https:\/\/www.arclite-shop.de\/fr\/wp-json\/wp\/v2\/product_brand?post=349699"},{"taxonomy":"product_cat","embeddable":true,"href":"https:\/\/www.arclite-shop.de\/fr\/wp-json\/wp\/v2\/product_cat?post=349699"},{"taxonomy":"product_tag","embeddable":true,"href":"https:\/\/www.arclite-shop.de\/fr\/wp-json\/wp\/v2\/product_tag?post=349699"}],"curies":[{"name":"wp","href":"https:\/\/api.w.org\/{rel}","templated":true}]}}