{"id":349696,"date":"2024-10-31T14:07:22","date_gmt":"2024-10-31T13:07:22","guid":{"rendered":"https:\/\/www.arclite-shop.de\/produkt\/02-4058075013674\/"},"modified":"2026-05-04T09:10:15","modified_gmt":"2026-05-04T07:10:15","slug":"02-4058075013674","status":"publish","type":"product","link":"https:\/\/www.arclite-shop.de\/fr\/produkt\/02-4058075013674\/","title":{"rendered":"D\u00e9marreur pour LED TUBE EM (KVG)"},"content":{"rendered":"<p>Starter f\u00fcr SubstiTUBE EM (KVG). Produkteigenschaften: Austauschstarter f\u00fcr den Ersatz einer Leuchtstofflampe durch eine T8 EM LED-R\u00f6hre. F\u00fcr Betrieb mit verlustarmem oder konventionellem Vorschaltger\u00e4t. Anwendungsgebiete: Nicht geeignet f\u00fcr den Betrieb mit elektronischen Vorschaltger\u00e4ten.<\/p>\n","protected":false},"excerpt":{"rendered":"<p>Starter f\u00fcr SubstiTUBE EM (KVG). Produkteigenschaften: Austauschstarter f\u00fcr den Ersatz einer Leuchtstofflampe durch eine T8 EM LED-R\u00f6hre. F\u00fcr Betrieb mit verlustarmem oder konventionellem Vorschaltger\u00e4t. Anwendungsgebiete: Nicht geeignet f\u00fcr den Betrieb mit elektronischen Vorschaltger\u00e4ten.<\/p>\n","protected":false},"featured_media":367264,"template":"","meta":[],"product_brand":[],"product_cat":[87017],"product_tag":[],"class_list":{"0":"post-349696","1":"product","2":"type-product","3":"status-publish","4":"has-post-thumbnail","6":"product_cat-starter-fuer-beleuchtung","8":"first","9":"instock","10":"taxable","11":"shipping-taxable","12":"product-type-simple"},"_links":{"self":[{"href":"https:\/\/www.arclite-shop.de\/fr\/wp-json\/wp\/v2\/product\/349696","targetHints":{"allow":["GET"]}}],"collection":[{"href":"https:\/\/www.arclite-shop.de\/fr\/wp-json\/wp\/v2\/product"}],"about":[{"href":"https:\/\/www.arclite-shop.de\/fr\/wp-json\/wp\/v2\/types\/product"}],"wp:featuredmedia":[{"embeddable":true,"href":"https:\/\/www.arclite-shop.de\/fr\/wp-json\/wp\/v2\/media\/367264"}],"wp:attachment":[{"href":"https:\/\/www.arclite-shop.de\/fr\/wp-json\/wp\/v2\/media?parent=349696"}],"wp:term":[{"taxonomy":"product_brand","embeddable":true,"href":"https:\/\/www.arclite-shop.de\/fr\/wp-json\/wp\/v2\/product_brand?post=349696"},{"taxonomy":"product_cat","embeddable":true,"href":"https:\/\/www.arclite-shop.de\/fr\/wp-json\/wp\/v2\/product_cat?post=349696"},{"taxonomy":"product_tag","embeddable":true,"href":"https:\/\/www.arclite-shop.de\/fr\/wp-json\/wp\/v2\/product_tag?post=349696"}],"curies":[{"name":"wp","href":"https:\/\/api.w.org\/{rel}","templated":true}]}}