{"id":349680,"date":"2024-10-31T14:07:12","date_gmt":"2024-10-31T13:07:12","guid":{"rendered":"https:\/\/www.arclite-shop.de\/produkt\/02-4052899583221\/"},"modified":"2026-04-18T09:51:10","modified_gmt":"2026-04-18T07:51:10","slug":"02-4052899583221","status":"publish","type":"product","link":"https:\/\/www.arclite-shop.de\/fr\/produkt\/02-4052899583221\/","title":{"rendered":"Zubeh\u00f6r"},"content":{"rendered":"<p>Zubeh\u00f6r. Produkteigenschaften: DALI Bus Stromversorgung bis zu 100 mA. Versorgungsspannung: 220\u2026240 V. Kurzschluss-, \u00dcberlast- und \u00dcbertemperaturschutz. Steckklemmen f\u00fcr einfache Verdrahtung. Kompakte Bauform: 108 x 30 x 21 mm. . Produktvorteile: Geeignet f\u00fcr kleine eigenst\u00e4ndige DALI Installationen. Erm\u00f6glicht dimmbare Retrofitl\u00f6sung f\u00fcr Anwendungen mit abgeh\u00e4ngte Decken. Geeignet um DEXAL Sensoren und RF Module zu versorgen. Geeignet f\u00fcr Applikationen, wo kein DEXAL Treiber verf\u00fcgbar ist. Geeignet f\u00fcr DC Betrieb 176\u2026276 V. . Technische Ausstattung: Deckeneinbau oder unabh\u00e4ngige Montage \u00fcber ECO CI KIT m\u00f6glich. .<\/p>\n","protected":false},"excerpt":{"rendered":"<p>Zubeh\u00f6r. Produkteigenschaften: DALI Bus Stromversorgung bis zu 100 mA. Versorgungsspannung: 220\u2026240 V. Kurzschluss-, \u00dcberlast- und \u00dcbertemperaturschutz. Steckklemmen f\u00fcr einfache Verdrahtung. Kompakte Bauform: 108 x 30 x 21 mm. . Produktvorteile: Geeignet f\u00fcr kleine eigenst\u00e4ndige DALI Installationen. Erm\u00f6glicht dimmbare Retrofitl\u00f6sung f\u00fcr<span class=\"excerpt-hellip\"> [\u2026]<\/span><\/p>\n","protected":false},"featured_media":367274,"template":"","meta":[],"product_brand":[],"product_cat":[87015],"product_tag":[],"class_list":{"0":"post-349680","1":"product","2":"type-product","3":"status-publish","4":"has-post-thumbnail","6":"product_cat-lichtregelsystemkomponente-ledvance","8":"first","9":"instock","10":"taxable","11":"shipping-taxable","12":"product-type-simple"},"_links":{"self":[{"href":"https:\/\/www.arclite-shop.de\/fr\/wp-json\/wp\/v2\/product\/349680","targetHints":{"allow":["GET"]}}],"collection":[{"href":"https:\/\/www.arclite-shop.de\/fr\/wp-json\/wp\/v2\/product"}],"about":[{"href":"https:\/\/www.arclite-shop.de\/fr\/wp-json\/wp\/v2\/types\/product"}],"wp:featuredmedia":[{"embeddable":true,"href":"https:\/\/www.arclite-shop.de\/fr\/wp-json\/wp\/v2\/media\/367274"}],"wp:attachment":[{"href":"https:\/\/www.arclite-shop.de\/fr\/wp-json\/wp\/v2\/media?parent=349680"}],"wp:term":[{"taxonomy":"product_brand","embeddable":true,"href":"https:\/\/www.arclite-shop.de\/fr\/wp-json\/wp\/v2\/product_brand?post=349680"},{"taxonomy":"product_cat","embeddable":true,"href":"https:\/\/www.arclite-shop.de\/fr\/wp-json\/wp\/v2\/product_cat?post=349680"},{"taxonomy":"product_tag","embeddable":true,"href":"https:\/\/www.arclite-shop.de\/fr\/wp-json\/wp\/v2\/product_tag?post=349680"}],"curies":[{"name":"wp","href":"https:\/\/api.w.org\/{rel}","templated":true}]}}