{"id":349672,"date":"2024-10-31T14:07:07","date_gmt":"2024-10-31T13:07:07","guid":{"rendered":"https:\/\/www.arclite-shop.de\/produkt\/02-4052899545908\/"},"modified":"2026-04-18T09:52:51","modified_gmt":"2026-04-18T07:52:51","slug":"02-4052899545908","status":"publish","type":"product","link":"https:\/\/www.arclite-shop.de\/fr\/produkt\/02-4052899545908\/","title":{"rendered":"Alimentation CV 24 V avec 1... 10 V"},"content":{"rendered":"<p>CV Power supplies 24 V with 1\u202610 V. Produkteigenschaften: Dimmbar \u00fcber vollisolierte 1&#8230;10 V Schnittstelle. Treiber mit Ausgangsleistungsbereich von bis zu 240 W. Produktvorteile: Vielseitiger 1\u202610 V-Weitbereichstreiber bis zu 240 W durch flexible Ausgangscharakteristik. Sehr hohe Effizienz und Zuverl\u00e4ssigkeit. Hoher IP Schutz (IP67). Hoher \u00dcberspannungsschutz: bis zu 3 kV (L-N) \/ 6 kV (L\/N-PE). Anwendungsgebiete: F\u00fcr den Einsatz in schlanken, flachen Leuchten geeignet oder f\u00fcr den Einbau in abgeh\u00e4ngte Decke. Geeignet f\u00fcr SELV-Installationen im Innen- und Au\u00dfenbereich.<\/p>\n","protected":false},"excerpt":{"rendered":"<p>CV Power supplies 24 V with 1\u202610 V. Produkteigenschaften: Dimmbar \u00fcber vollisolierte 1&#8230;10 V Schnittstelle. Treiber mit Ausgangsleistungsbereich von bis zu 240 W. Produktvorteile: Vielseitiger 1\u202610 V-Weitbereichstreiber bis zu 240 W durch flexible Ausgangscharakteristik. Sehr hohe Effizienz und Zuverl\u00e4ssigkeit. Hoher<span class=\"excerpt-hellip\"> [\u2026]<\/span><\/p>\n","protected":false},"featured_media":367288,"template":"","meta":[],"product_brand":[],"product_cat":[87021],"product_tag":[],"class_list":{"0":"post-349672","1":"product","2":"type-product","3":"status-publish","4":"has-post-thumbnail","6":"product_cat-led-betriebsgeraet-ledvance","8":"first","9":"instock","10":"taxable","11":"shipping-taxable","12":"product-type-simple"},"_links":{"self":[{"href":"https:\/\/www.arclite-shop.de\/fr\/wp-json\/wp\/v2\/product\/349672","targetHints":{"allow":["GET"]}}],"collection":[{"href":"https:\/\/www.arclite-shop.de\/fr\/wp-json\/wp\/v2\/product"}],"about":[{"href":"https:\/\/www.arclite-shop.de\/fr\/wp-json\/wp\/v2\/types\/product"}],"wp:featuredmedia":[{"embeddable":true,"href":"https:\/\/www.arclite-shop.de\/fr\/wp-json\/wp\/v2\/media\/367288"}],"wp:attachment":[{"href":"https:\/\/www.arclite-shop.de\/fr\/wp-json\/wp\/v2\/media?parent=349672"}],"wp:term":[{"taxonomy":"product_brand","embeddable":true,"href":"https:\/\/www.arclite-shop.de\/fr\/wp-json\/wp\/v2\/product_brand?post=349672"},{"taxonomy":"product_cat","embeddable":true,"href":"https:\/\/www.arclite-shop.de\/fr\/wp-json\/wp\/v2\/product_cat?post=349672"},{"taxonomy":"product_tag","embeddable":true,"href":"https:\/\/www.arclite-shop.de\/fr\/wp-json\/wp\/v2\/product_tag?post=349672"}],"curies":[{"name":"wp","href":"https:\/\/api.w.org\/{rel}","templated":true}]}}