{"id":349669,"date":"2024-10-31T14:07:05","date_gmt":"2024-10-31T13:07:05","guid":{"rendered":"https:\/\/www.arclite-shop.de\/produkt\/02-4052899544819\/"},"modified":"2026-04-18T09:53:23","modified_gmt":"2026-04-18T07:53:23","slug":"02-4052899544819","status":"publish","type":"product","link":"https:\/\/www.arclite-shop.de\/fr\/produkt\/02-4052899544819\/","title":{"rendered":"Unit\u00e9s de contr\u00f4le pour syst\u00e8mes de gestion de la lumi\u00e8re"},"content":{"rendered":"<p>Steuerger\u00e4te f\u00fcr Lichtmanagementsysteme. Produkteigenschaften: Kompaktes Lichtsteuerger\u00e4t mit DALI-Schnittstelle. Smartphoneanbindung mit Bluetooth Anbindung zum Steuern und Anpassen. Ein DALI-Ausgangskanal (Broadcast oder Groupcast). Bis zu 32 DALI-Leuchten anschlie\u00dfbar. Unterst\u00fctzt bis zu 4 OSRAM DALI Sensoren und Tasterkoppler. Tageslichtabh\u00e4ngige Regelung und pr\u00e4senzabh\u00e4ngige Lichtsteuerung. Separater Tastereingang zur Bedienung \u00fcber Standardtaster. Unterst\u00fctzt DALI DT8 Tunable White Treiber. Ausg\u00e4nge mit elektronisch reversiblem \u00dcbertemperatur-, Kurzschluss-, \u00dcberlastschutz. Leitungsl\u00e4nge der DALI-Steuerleitung: bis zu 300 m. Kabell\u00e4nge bis zum Taster: bis zu 50 m. Geeignet f\u00fcr den Schalterdoseneinbau. . Produktvorteile: Steuern der Beleuchtung via Smartphone. Anpassung s\u00e4mtlicher Einstellm\u00f6glichkeiten \u00fcber Smartphone. Plug and Play: Basisfunktionen ohne App verf\u00fcgbar. Vereinfachte Inbetriebnahme dank vordefinierter Funktionsmodi. Intuitives manuelles Dimmen, schalten und  Einstellung der Farbtemperatur. Bis zu 4 Gruppen getrennt ansteuerbar. Einstellbarer Offset f\u00fcr unterschiedliche Gruppen. Einfache Erstellung von Szenen in der App. Szenenaufruf via OSRAM DALI PRO PB Tasterkoppler m\u00f6glich. Firmware-Aktualisierung drahtlos per Bluetooth m\u00f6glich. Integrierte DALI-Versorgung. Steuerung von Standard wei\u00dfem- oder Tunable White Licht gem. DALI Device Type 8 (DT8)*. Ausgew\u00e4hlte DALI Parameter \u00fcber App einstellbar. . Anwendungsgebiete: B\u00fcror\u00e4ume. Besprechungsr\u00e4ume. Schulungsr\u00e4ume. Klassenzimmer. Korridore. Shopbeleuchtung. . Technische Ausstattung: Kostenlose App f\u00fcr IOS und Android verf\u00fcgbar im App Store. .<\/p>\n","protected":false},"excerpt":{"rendered":"<p>Steuerger\u00e4te f\u00fcr Lichtmanagementsysteme. Produkteigenschaften: Kompaktes Lichtsteuerger\u00e4t mit DALI-Schnittstelle. Smartphoneanbindung mit Bluetooth Anbindung zum Steuern und Anpassen. Ein DALI-Ausgangskanal (Broadcast oder Groupcast). Bis zu 32 DALI-Leuchten anschlie\u00dfbar. Unterst\u00fctzt bis zu 4 OSRAM DALI Sensoren und Tasterkoppler. Tageslichtabh\u00e4ngige Regelung und pr\u00e4senzabh\u00e4ngige Lichtsteuerung.<span class=\"excerpt-hellip\"> [\u2026]<\/span><\/p>\n","protected":false},"featured_media":340128,"template":"","meta":[],"product_brand":[],"product_cat":[87015],"product_tag":[],"class_list":{"0":"post-349669","1":"product","2":"type-product","3":"status-publish","4":"has-post-thumbnail","6":"product_cat-lichtregelsystemkomponente-ledvance","8":"first","9":"outofstock","10":"taxable","11":"shipping-taxable","12":"product-type-simple"},"_links":{"self":[{"href":"https:\/\/www.arclite-shop.de\/fr\/wp-json\/wp\/v2\/product\/349669","targetHints":{"allow":["GET"]}}],"collection":[{"href":"https:\/\/www.arclite-shop.de\/fr\/wp-json\/wp\/v2\/product"}],"about":[{"href":"https:\/\/www.arclite-shop.de\/fr\/wp-json\/wp\/v2\/types\/product"}],"wp:featuredmedia":[{"embeddable":true,"href":"https:\/\/www.arclite-shop.de\/fr\/wp-json\/wp\/v2\/media\/340128"}],"wp:attachment":[{"href":"https:\/\/www.arclite-shop.de\/fr\/wp-json\/wp\/v2\/media?parent=349669"}],"wp:term":[{"taxonomy":"product_brand","embeddable":true,"href":"https:\/\/www.arclite-shop.de\/fr\/wp-json\/wp\/v2\/product_brand?post=349669"},{"taxonomy":"product_cat","embeddable":true,"href":"https:\/\/www.arclite-shop.de\/fr\/wp-json\/wp\/v2\/product_cat?post=349669"},{"taxonomy":"product_tag","embeddable":true,"href":"https:\/\/www.arclite-shop.de\/fr\/wp-json\/wp\/v2\/product_tag?post=349669"}],"curies":[{"name":"wp","href":"https:\/\/api.w.org\/{rel}","templated":true}]}}