{"id":349647,"date":"2024-10-31T14:06:51","date_gmt":"2024-10-31T13:06:51","guid":{"rendered":"https:\/\/www.arclite-shop.de\/produkt\/02-4052899043954\/"},"modified":"2026-04-18T09:59:41","modified_gmt":"2026-04-18T07:59:41","slug":"02-4052899043954","status":"publish","type":"product","link":"https:\/\/www.arclite-shop.de\/fr\/produkt\/02-4052899043954\/","title":{"rendered":"Unit\u00e9s de contr\u00f4le pour syst\u00e8mes de gestion de la lumi\u00e8re"},"content":{"rendered":"<p>Steuerger\u00e4te f\u00fcr Lichtmanagementsysteme. Produkteigenschaften: Direktanschluss an DALI. Licht- und Pr\u00e4senzsensor f\u00fcr Leuchteneinbau. Pr\u00e4senzerfassung \u00fcber passives IR-Element. Arbeitsbereich Lichtsensor: 20\u2026800 lx (gemessen am Sensor). Funktionsanzeige mit zweifarbiger LED. Nichtentflammbares, halogenfreies Polykarbonat-Kunststoffgeh\u00e4use. Montageh\u00f6he: 2\u20265 m. Produktvorteile: Kleine Geh\u00e4useform. Pr\u00e4senzerfassungsbereich \u00fcber integrierte Shutter zwischen 40\u202690\u00b0 einstellbar. \u00dcber DALI adressierbar. Kompaktes Geh\u00e4use f\u00fcr Leuchteneinbau. Tageslichtabh\u00e4ngige Regelung mit Abschaltautomatik bei ausreichendem Tageslicht. Schlanke Geh\u00e4useform und flexibles Montagekonzept. Stromversorgung aus DALI. DALI basiertes Lichtmanagementsystem integrierbar in Geb\u00e4udemanagementsysteme. Netzwerk mehrerer Sensoren m\u00f6glich. Sensorintegration in DALI. Anwendungsgebiete: Einbau in Industrie- und B\u00fcroleuchten. Deckenmontage \u00fcber LS\/PD CI KIT oder LS\/PD AP KIT m\u00f6glich. Klassenzimmer. Konferenzr\u00e4ume. Flure. Einzelb\u00fcros. Abgependelte Leuchten. Geeignet f\u00fcr Anwendungen im Innenbereich. Gruppenb\u00fcros. Technische Ausstattung: Geeignet f\u00fcr DALI Professional und DALIeco Control Steuerger\u00e4t. Aufsteckbarer Befestigungsrahmen f\u00fcr Leuchtenmontage von innen und au\u00dfen.<\/p>\n","protected":false},"excerpt":{"rendered":"<p>Steuerger\u00e4te f\u00fcr Lichtmanagementsysteme. Produkteigenschaften: Direktanschluss an DALI. Licht- und Pr\u00e4senzsensor f\u00fcr Leuchteneinbau. Pr\u00e4senzerfassung \u00fcber passives IR-Element. Arbeitsbereich Lichtsensor: 20\u2026800 lx (gemessen am Sensor). Funktionsanzeige mit zweifarbiger LED. Nichtentflammbares, halogenfreies Polykarbonat-Kunststoffgeh\u00e4use. Montageh\u00f6he: 2\u20265 m. Produktvorteile: Kleine Geh\u00e4useform. Pr\u00e4senzerfassungsbereich \u00fcber integrierte Shutter<span class=\"excerpt-hellip\"> [\u2026]<\/span><\/p>\n","protected":false},"featured_media":367272,"template":"","meta":[],"product_brand":[],"product_cat":[87015],"product_tag":[],"class_list":{"0":"post-349647","1":"product","2":"type-product","3":"status-publish","4":"has-post-thumbnail","6":"product_cat-lichtregelsystemkomponente-ledvance","8":"first","9":"instock","10":"taxable","11":"shipping-taxable","12":"product-type-simple"},"_links":{"self":[{"href":"https:\/\/www.arclite-shop.de\/fr\/wp-json\/wp\/v2\/product\/349647","targetHints":{"allow":["GET"]}}],"collection":[{"href":"https:\/\/www.arclite-shop.de\/fr\/wp-json\/wp\/v2\/product"}],"about":[{"href":"https:\/\/www.arclite-shop.de\/fr\/wp-json\/wp\/v2\/types\/product"}],"wp:featuredmedia":[{"embeddable":true,"href":"https:\/\/www.arclite-shop.de\/fr\/wp-json\/wp\/v2\/media\/367272"}],"wp:attachment":[{"href":"https:\/\/www.arclite-shop.de\/fr\/wp-json\/wp\/v2\/media?parent=349647"}],"wp:term":[{"taxonomy":"product_brand","embeddable":true,"href":"https:\/\/www.arclite-shop.de\/fr\/wp-json\/wp\/v2\/product_brand?post=349647"},{"taxonomy":"product_cat","embeddable":true,"href":"https:\/\/www.arclite-shop.de\/fr\/wp-json\/wp\/v2\/product_cat?post=349647"},{"taxonomy":"product_tag","embeddable":true,"href":"https:\/\/www.arclite-shop.de\/fr\/wp-json\/wp\/v2\/product_tag?post=349647"}],"curies":[{"name":"wp","href":"https:\/\/api.w.org\/{rel}","templated":true}]}}