{"id":349645,"date":"2024-10-31T14:06:50","date_gmt":"2024-10-31T13:06:50","guid":{"rendered":"https:\/\/www.arclite-shop.de\/produkt\/02-4050300270166\/"},"modified":"2026-04-18T10:00:14","modified_gmt":"2026-04-18T08:00:14","slug":"02-4050300270166","status":"publish","type":"product","link":"https:\/\/www.arclite-shop.de\/fr\/produkt\/02-4050300270166\/","title":{"rendered":"D\u00e9marreur pour connexion simple \u00e0 230 V CA"},"content":{"rendered":"<p>Starter f\u00fcr Einzelschaltung an 230 V AC. Produkteigenschaften: Temperaturbereich f\u00fcr sichere Abschaltung: -20\u2026+80 \u00b0C.<\/p>\n","protected":false},"excerpt":{"rendered":"<p>Starter f\u00fcr Einzelschaltung an 230 V AC. Produkteigenschaften: Temperaturbereich f\u00fcr sichere Abschaltung: -20\u2026+80 \u00b0C.<\/p>\n","protected":false},"featured_media":356533,"template":"","meta":[],"product_brand":[],"product_cat":[87017],"product_tag":[],"class_list":{"0":"post-349645","1":"product","2":"type-product","3":"status-publish","4":"has-post-thumbnail","6":"product_cat-starter-fuer-beleuchtung","8":"first","9":"outofstock","10":"taxable","11":"shipping-taxable","12":"product-type-simple"},"_links":{"self":[{"href":"https:\/\/www.arclite-shop.de\/fr\/wp-json\/wp\/v2\/product\/349645","targetHints":{"allow":["GET"]}}],"collection":[{"href":"https:\/\/www.arclite-shop.de\/fr\/wp-json\/wp\/v2\/product"}],"about":[{"href":"https:\/\/www.arclite-shop.de\/fr\/wp-json\/wp\/v2\/types\/product"}],"wp:featuredmedia":[{"embeddable":true,"href":"https:\/\/www.arclite-shop.de\/fr\/wp-json\/wp\/v2\/media\/356533"}],"wp:attachment":[{"href":"https:\/\/www.arclite-shop.de\/fr\/wp-json\/wp\/v2\/media?parent=349645"}],"wp:term":[{"taxonomy":"product_brand","embeddable":true,"href":"https:\/\/www.arclite-shop.de\/fr\/wp-json\/wp\/v2\/product_brand?post=349645"},{"taxonomy":"product_cat","embeddable":true,"href":"https:\/\/www.arclite-shop.de\/fr\/wp-json\/wp\/v2\/product_cat?post=349645"},{"taxonomy":"product_tag","embeddable":true,"href":"https:\/\/www.arclite-shop.de\/fr\/wp-json\/wp\/v2\/product_tag?post=349645"}],"curies":[{"name":"wp","href":"https:\/\/api.w.org\/{rel}","templated":true}]}}