{"id":349548,"date":"2024-10-31T13:59:15","date_gmt":"2024-10-31T12:59:15","guid":{"rendered":"https:\/\/www.arclite-shop.de\/produkt\/03-12887415\/"},"modified":"2026-04-30T18:10:02","modified_gmt":"2026-04-30T16:10:02","slug":"03-12887415","status":"publish","type":"product","link":"https:\/\/www.arclite-shop.de\/fr\/produkt\/03-12887415\/","title":{"rendered":"Incandescence de chaleur infrarouge pour soins de sant\u00e9 - Lampe IR - Alimentation du syst\u00e8me : 150 W"},"content":{"rendered":"<p>Die InfraRed Healthcare Heat Incandescent eignen sich nicht nur optimal f\u00fcr die lokale W\u00e4rmebehandlung zur Linderung von Muskelschmerzen. Sie k\u00f6nnen auch f\u00fcr die Behandlung von rheumatischen Beschwerden eingesetzt werden. Diese Form der W\u00e4rmetherapie unterst\u00fctzt nachweislich auch die Heilung bei verschiedenen Arten von Verletzungen, zum Beispiel bei Sportverletzungen und nicht-infizierten Wunden, und sorgt in vielen F\u00e4llen auch f\u00fcr eine schnelle und wirksame Schmerzlinderung.<\/p>\n","protected":false},"excerpt":{"rendered":"<p>Die InfraRed Healthcare Heat Incandescent eignen sich nicht nur optimal f\u00fcr die lokale W\u00e4rmebehandlung zur Linderung von Muskelschmerzen. Sie k\u00f6nnen auch f\u00fcr die Behandlung von rheumatischen Beschwerden eingesetzt werden. Diese Form der W\u00e4rmetherapie unterst\u00fctzt nachweislich auch die Heilung bei verschiedenen<span class=\"excerpt-hellip\"> [\u2026]<\/span><\/p>\n","protected":false},"featured_media":367320,"template":"","meta":[],"product_brand":[],"product_cat":[84535],"product_tag":[],"class_list":{"0":"post-349548","1":"product","2":"type-product","3":"status-publish","4":"has-post-thumbnail","6":"product_cat-infrarotlampe","8":"first","9":"instock","10":"taxable","11":"shipping-taxable","12":"product-type-simple"},"_links":{"self":[{"href":"https:\/\/www.arclite-shop.de\/fr\/wp-json\/wp\/v2\/product\/349548","targetHints":{"allow":["GET"]}}],"collection":[{"href":"https:\/\/www.arclite-shop.de\/fr\/wp-json\/wp\/v2\/product"}],"about":[{"href":"https:\/\/www.arclite-shop.de\/fr\/wp-json\/wp\/v2\/types\/product"}],"wp:featuredmedia":[{"embeddable":true,"href":"https:\/\/www.arclite-shop.de\/fr\/wp-json\/wp\/v2\/media\/367320"}],"wp:attachment":[{"href":"https:\/\/www.arclite-shop.de\/fr\/wp-json\/wp\/v2\/media?parent=349548"}],"wp:term":[{"taxonomy":"product_brand","embeddable":true,"href":"https:\/\/www.arclite-shop.de\/fr\/wp-json\/wp\/v2\/product_brand?post=349548"},{"taxonomy":"product_cat","embeddable":true,"href":"https:\/\/www.arclite-shop.de\/fr\/wp-json\/wp\/v2\/product_cat?post=349548"},{"taxonomy":"product_tag","embeddable":true,"href":"https:\/\/www.arclite-shop.de\/fr\/wp-json\/wp\/v2\/product_tag?post=349548"}],"curies":[{"name":"wp","href":"https:\/\/api.w.org\/{rel}","templated":true}]}}