{"id":349547,"date":"2024-10-31T13:59:14","date_gmt":"2024-10-31T12:59:14","guid":{"rendered":"https:\/\/www.arclite-shop.de\/produkt\/03-12659725\/"},"modified":"2026-04-18T10:02:10","modified_gmt":"2026-04-18T08:02:10","slug":"03-12659725","status":"publish","type":"product","link":"https:\/\/www.arclite-shop.de\/fr\/produkt\/03-12659725\/","title":{"rendered":"Chauffage industriel infrarouge \u00e0 incandescente - Lampe IR - Consommation d\u2019\u00e9nergie : 375 W"},"content":{"rendered":"<p>Die Infrarot-Reflektorgl\u00fchlampen von Philips wurden f\u00fcr anspruchsvolle Einsatzbedingungen konzipiert, zum Beispiel in landwirtschaftlichen Betrieben, im Badezimmer, in der K\u00fcche oder in deren unmittelbarer N\u00e4he. Landwirte, Verbraucher und K\u00f6che auf der ganzen Welt entscheiden sich f\u00fcr Infrarotlampen von Philips, weil sie besonders robust und effizient sind.<\/p>\n","protected":false},"excerpt":{"rendered":"<p>Die Infrarot-Reflektorgl\u00fchlampen von Philips wurden f\u00fcr anspruchsvolle Einsatzbedingungen konzipiert, zum Beispiel in landwirtschaftlichen Betrieben, im Badezimmer, in der K\u00fcche oder in deren unmittelbarer N\u00e4he. Landwirte, Verbraucher und K\u00f6che auf der ganzen Welt entscheiden sich f\u00fcr Infrarotlampen von Philips, weil sie<span class=\"excerpt-hellip\"> [\u2026]<\/span><\/p>\n","protected":false},"featured_media":367318,"template":"","meta":[],"product_brand":[],"product_cat":[84535],"product_tag":[],"class_list":{"0":"post-349547","1":"product","2":"type-product","3":"status-publish","4":"has-post-thumbnail","6":"product_cat-infrarotlampe","8":"first","9":"outofstock","10":"taxable","11":"shipping-taxable","12":"product-type-simple"},"_links":{"self":[{"href":"https:\/\/www.arclite-shop.de\/fr\/wp-json\/wp\/v2\/product\/349547","targetHints":{"allow":["GET"]}}],"collection":[{"href":"https:\/\/www.arclite-shop.de\/fr\/wp-json\/wp\/v2\/product"}],"about":[{"href":"https:\/\/www.arclite-shop.de\/fr\/wp-json\/wp\/v2\/types\/product"}],"wp:featuredmedia":[{"embeddable":true,"href":"https:\/\/www.arclite-shop.de\/fr\/wp-json\/wp\/v2\/media\/367318"}],"wp:attachment":[{"href":"https:\/\/www.arclite-shop.de\/fr\/wp-json\/wp\/v2\/media?parent=349547"}],"wp:term":[{"taxonomy":"product_brand","embeddable":true,"href":"https:\/\/www.arclite-shop.de\/fr\/wp-json\/wp\/v2\/product_brand?post=349547"},{"taxonomy":"product_cat","embeddable":true,"href":"https:\/\/www.arclite-shop.de\/fr\/wp-json\/wp\/v2\/product_cat?post=349547"},{"taxonomy":"product_tag","embeddable":true,"href":"https:\/\/www.arclite-shop.de\/fr\/wp-json\/wp\/v2\/product_tag?post=349547"}],"curies":[{"name":"wp","href":"https:\/\/api.w.org\/{rel}","templated":true}]}}