{"id":349542,"date":"2024-10-31T13:59:11","date_gmt":"2024-10-31T12:59:11","guid":{"rendered":"https:\/\/www.arclite-shop.de\/produkt\/03-91019630\/"},"modified":"2026-04-18T10:02:25","modified_gmt":"2026-04-18T08:02:25","slug":"03-91019630","status":"publish","type":"product","link":"https:\/\/www.arclite-shop.de\/fr\/produkt\/03-91019630\/","title":{"rendered":"Ballast - HF-R EII 1-10 V pour TL-D"},"content":{"rendered":"<p>Der HF-Regulator 1-10 V ist ein robustes und kompaktes elektronisches Hochfrequenz-Vorschaltger\u00e4t. Diese \u00fcberaus effiziente L\u00f6sung f\u00fcr MASTER TL5, TL5 Eco, TL-D, PL-L, PL-T\/C\/R und TL5c eignet sich insbesondere f\u00fcr Anwendungen, in denen eine hohe Energieeffizienz und Dimmbarkeit erforderlich ist. Sie kann aber auch in Bereichen zum Einsatz kommen, wo die Beleuchtung ein komfortables Ambiente erzeugen soll oder in denen flackerfreies Licht ben\u00f6tigt wird.<\/p>\n","protected":false},"excerpt":{"rendered":"<p>Der HF-Regulator 1-10 V ist ein robustes und kompaktes elektronisches Hochfrequenz-Vorschaltger\u00e4t. Diese \u00fcberaus effiziente L\u00f6sung f\u00fcr MASTER TL5, TL5 Eco, TL-D, PL-L, PL-T\/C\/R und TL5c eignet sich insbesondere f\u00fcr Anwendungen, in denen eine hohe Energieeffizienz und Dimmbarkeit erforderlich ist. Sie<span class=\"excerpt-hellip\"> [\u2026]<\/span><\/p>\n","protected":false},"featured_media":367328,"template":"","meta":[],"product_brand":[],"product_cat":[84437],"product_tag":[],"class_list":{"0":"post-349542","1":"product","2":"type-product","3":"status-publish","4":"has-post-thumbnail","6":"product_cat-vorschaltgeraet-signify","8":"first","9":"instock","10":"taxable","11":"shipping-taxable","12":"product-type-simple"},"_links":{"self":[{"href":"https:\/\/www.arclite-shop.de\/fr\/wp-json\/wp\/v2\/product\/349542","targetHints":{"allow":["GET"]}}],"collection":[{"href":"https:\/\/www.arclite-shop.de\/fr\/wp-json\/wp\/v2\/product"}],"about":[{"href":"https:\/\/www.arclite-shop.de\/fr\/wp-json\/wp\/v2\/types\/product"}],"wp:featuredmedia":[{"embeddable":true,"href":"https:\/\/www.arclite-shop.de\/fr\/wp-json\/wp\/v2\/media\/367328"}],"wp:attachment":[{"href":"https:\/\/www.arclite-shop.de\/fr\/wp-json\/wp\/v2\/media?parent=349542"}],"wp:term":[{"taxonomy":"product_brand","embeddable":true,"href":"https:\/\/www.arclite-shop.de\/fr\/wp-json\/wp\/v2\/product_brand?post=349542"},{"taxonomy":"product_cat","embeddable":true,"href":"https:\/\/www.arclite-shop.de\/fr\/wp-json\/wp\/v2\/product_cat?post=349542"},{"taxonomy":"product_tag","embeddable":true,"href":"https:\/\/www.arclite-shop.de\/fr\/wp-json\/wp\/v2\/product_tag?post=349542"}],"curies":[{"name":"wp","href":"https:\/\/api.w.org\/{rel}","templated":true}]}}