{"id":349526,"date":"2024-10-31T13:59:04","date_gmt":"2024-10-31T12:59:04","guid":{"rendered":"https:\/\/www.arclite-shop.de\/produkt\/03-53640230\/"},"modified":"2026-04-18T10:03:33","modified_gmt":"2026-04-18T08:03:33","slug":"03-53640230","status":"publish","type":"product","link":"https:\/\/www.arclite-shop.de\/fr\/produkt\/03-53640230\/","title":{"rendered":"Ballast - HF-MatchboxBLUE pour lampes PL\/TL"},"content":{"rendered":"<p>HF-Matchbox Blue (Kaltstart) ist ein elektronisches Vorschaltger\u00e4t, das Leuchtenentwicklern v\u00f6llig neue gestalterische M\u00f6glichkeiten er\u00f6ffnet. Die Vorteile der elektronischen Vorschaltger\u00e4te f\u00fcr Leuchtstofflampen lassen sich dadurch in immer mehr Anwendungsbereichen nutzen.<\/p>\n","protected":false},"excerpt":{"rendered":"<p>HF-Matchbox Blue (Kaltstart) ist ein elektronisches Vorschaltger\u00e4t, das Leuchtenentwicklern v\u00f6llig neue gestalterische M\u00f6glichkeiten er\u00f6ffnet. Die Vorteile der elektronischen Vorschaltger\u00e4te f\u00fcr Leuchtstofflampen lassen sich dadurch in immer mehr Anwendungsbereichen nutzen.<\/p>\n","protected":false},"featured_media":367338,"template":"","meta":[],"product_brand":[],"product_cat":[84437],"product_tag":[],"class_list":{"0":"post-349526","1":"product","2":"type-product","3":"status-publish","4":"has-post-thumbnail","6":"product_cat-vorschaltgeraet-signify","8":"first","9":"instock","10":"taxable","11":"shipping-taxable","12":"product-type-simple"},"_links":{"self":[{"href":"https:\/\/www.arclite-shop.de\/fr\/wp-json\/wp\/v2\/product\/349526","targetHints":{"allow":["GET"]}}],"collection":[{"href":"https:\/\/www.arclite-shop.de\/fr\/wp-json\/wp\/v2\/product"}],"about":[{"href":"https:\/\/www.arclite-shop.de\/fr\/wp-json\/wp\/v2\/types\/product"}],"wp:featuredmedia":[{"embeddable":true,"href":"https:\/\/www.arclite-shop.de\/fr\/wp-json\/wp\/v2\/media\/367338"}],"wp:attachment":[{"href":"https:\/\/www.arclite-shop.de\/fr\/wp-json\/wp\/v2\/media?parent=349526"}],"wp:term":[{"taxonomy":"product_brand","embeddable":true,"href":"https:\/\/www.arclite-shop.de\/fr\/wp-json\/wp\/v2\/product_brand?post=349526"},{"taxonomy":"product_cat","embeddable":true,"href":"https:\/\/www.arclite-shop.de\/fr\/wp-json\/wp\/v2\/product_cat?post=349526"},{"taxonomy":"product_tag","embeddable":true,"href":"https:\/\/www.arclite-shop.de\/fr\/wp-json\/wp\/v2\/product_tag?post=349526"}],"curies":[{"name":"wp","href":"https:\/\/api.w.org\/{rel}","templated":true}]}}