{"id":349506,"date":"2024-10-31T13:58:54","date_gmt":"2024-10-31T12:58:54","guid":{"rendered":"https:\/\/www.arclite-shop.de\/produkt\/03-24143000\/"},"modified":"2026-04-18T10:04:21","modified_gmt":"2026-04-18T08:04:21","slug":"03-24143000","status":"publish","type":"product","link":"https:\/\/www.arclite-shop.de\/fr\/produkt\/03-24143000\/","title":{"rendered":"Ballast - HID-PrimaVision Xtreme pour lampes CPO - Luminaires encastr\u00e9s"},"content":{"rendered":"<p>HID-PrimaVision Xtreme f\u00fcr CPO-Lampen sind sehr robuste, nicht dimmbare elektronische Vorschaltger\u00e4te f\u00fcr die Au\u00dfenbeleuchtung. Diese \u00fcberaus effiziente L\u00f6sung eignet sich insbesondere in Anwendungen, in denen eine sehr lange Lebensdauer erforderlich ist. Das Xtreme-Sortiment von Philips wurde speziell dazu entwickelt, rauen Umgebungsbedingungen standzuhalten.<\/p>\n","protected":false},"excerpt":{"rendered":"<p>HID-PrimaVision Xtreme f\u00fcr CPO-Lampen sind sehr robuste, nicht dimmbare elektronische Vorschaltger\u00e4te f\u00fcr die Au\u00dfenbeleuchtung. Diese \u00fcberaus effiziente L\u00f6sung eignet sich insbesondere in Anwendungen, in denen eine sehr lange Lebensdauer erforderlich ist. Das Xtreme-Sortiment von Philips wurde speziell dazu entwickelt, rauen<span class=\"excerpt-hellip\"> [\u2026]<\/span><\/p>\n","protected":false},"featured_media":367352,"template":"","meta":[],"product_brand":[],"product_cat":[84437],"product_tag":[],"class_list":{"0":"post-349506","1":"product","2":"type-product","3":"status-publish","4":"has-post-thumbnail","6":"product_cat-vorschaltgeraet-signify","8":"first","9":"instock","10":"taxable","11":"shipping-taxable","12":"product-type-simple"},"_links":{"self":[{"href":"https:\/\/www.arclite-shop.de\/fr\/wp-json\/wp\/v2\/product\/349506","targetHints":{"allow":["GET"]}}],"collection":[{"href":"https:\/\/www.arclite-shop.de\/fr\/wp-json\/wp\/v2\/product"}],"about":[{"href":"https:\/\/www.arclite-shop.de\/fr\/wp-json\/wp\/v2\/types\/product"}],"wp:featuredmedia":[{"embeddable":true,"href":"https:\/\/www.arclite-shop.de\/fr\/wp-json\/wp\/v2\/media\/367352"}],"wp:attachment":[{"href":"https:\/\/www.arclite-shop.de\/fr\/wp-json\/wp\/v2\/media?parent=349506"}],"wp:term":[{"taxonomy":"product_brand","embeddable":true,"href":"https:\/\/www.arclite-shop.de\/fr\/wp-json\/wp\/v2\/product_brand?post=349506"},{"taxonomy":"product_cat","embeddable":true,"href":"https:\/\/www.arclite-shop.de\/fr\/wp-json\/wp\/v2\/product_cat?post=349506"},{"taxonomy":"product_tag","embeddable":true,"href":"https:\/\/www.arclite-shop.de\/fr\/wp-json\/wp\/v2\/product_tag?post=349506"}],"curies":[{"name":"wp","href":"https:\/\/api.w.org\/{rel}","templated":true}]}}