{"id":349487,"date":"2024-10-31T13:58:46","date_gmt":"2024-10-31T12:58:46","guid":{"rendered":"https:\/\/www.arclite-shop.de\/produkt\/03-88704400\/"},"modified":"2026-04-18T10:05:22","modified_gmt":"2026-04-18T08:05:22","slug":"03-88704400","status":"publish","type":"product","link":"https:\/\/www.arclite-shop.de\/fr\/produkt\/03-88704400\/","title":{"rendered":"Ballast - Ballasts MK4 pour SON\/CDO\/CDM\/HPI"},"content":{"rendered":"<p>Die impr\u00e4gnierten elektromagnetischen Kupfer\/Eisen-Vorschaltger\u00e4te HID-Basic BSN\/BMH MK4 sind f\u00fcr die Verwendung mit einem externen semi-parallelen Z\u00fcndger\u00e4t f\u00fcr CDM-, CDO-, MH-, HPI (Plus)- und SON-Lampen konzipiert. Mit ihrer extrem langen Produktlebensdauer sind sie eine zuverl\u00e4ssige L\u00f6sung f\u00fcr den Au\u00dfenbereich.<\/p>\n","protected":false},"excerpt":{"rendered":"<p>Die impr\u00e4gnierten elektromagnetischen Kupfer\/Eisen-Vorschaltger\u00e4te HID-Basic BSN\/BMH MK4 sind f\u00fcr die Verwendung mit einem externen semi-parallelen Z\u00fcndger\u00e4t f\u00fcr CDM-, CDO-, MH-, HPI (Plus)- und SON-Lampen konzipiert. Mit ihrer extrem langen Produktlebensdauer sind sie eine zuverl\u00e4ssige L\u00f6sung f\u00fcr den Au\u00dfenbereich.<\/p>\n","protected":false},"featured_media":367370,"template":"","meta":[],"product_brand":[],"product_cat":[84437],"product_tag":[],"class_list":{"0":"post-349487","1":"product","2":"type-product","3":"status-publish","4":"has-post-thumbnail","6":"product_cat-vorschaltgeraet-signify","8":"first","9":"instock","10":"taxable","11":"shipping-taxable","12":"product-type-simple"},"_links":{"self":[{"href":"https:\/\/www.arclite-shop.de\/fr\/wp-json\/wp\/v2\/product\/349487","targetHints":{"allow":["GET"]}}],"collection":[{"href":"https:\/\/www.arclite-shop.de\/fr\/wp-json\/wp\/v2\/product"}],"about":[{"href":"https:\/\/www.arclite-shop.de\/fr\/wp-json\/wp\/v2\/types\/product"}],"wp:featuredmedia":[{"embeddable":true,"href":"https:\/\/www.arclite-shop.de\/fr\/wp-json\/wp\/v2\/media\/367370"}],"wp:attachment":[{"href":"https:\/\/www.arclite-shop.de\/fr\/wp-json\/wp\/v2\/media?parent=349487"}],"wp:term":[{"taxonomy":"product_brand","embeddable":true,"href":"https:\/\/www.arclite-shop.de\/fr\/wp-json\/wp\/v2\/product_brand?post=349487"},{"taxonomy":"product_cat","embeddable":true,"href":"https:\/\/www.arclite-shop.de\/fr\/wp-json\/wp\/v2\/product_cat?post=349487"},{"taxonomy":"product_tag","embeddable":true,"href":"https:\/\/www.arclite-shop.de\/fr\/wp-json\/wp\/v2\/product_tag?post=349487"}],"curies":[{"name":"wp","href":"https:\/\/api.w.org\/{rel}","templated":true}]}}