{"id":349481,"date":"2024-10-31T13:58:43","date_gmt":"2024-10-31T12:58:43","guid":{"rendered":"https:\/\/www.arclite-shop.de\/produkt\/03-70623240\/"},"modified":"2026-04-18T10:05:39","modified_gmt":"2026-04-18T08:05:39","slug":"03-70623240","status":"publish","type":"product","link":"https:\/\/www.arclite-shop.de\/fr\/produkt\/03-70623240\/","title":{"rendered":"Lumi\u00e8re MASTER TL-D 79 couleur - Lampe fluorescente - Puissance syst\u00e8me : 58,5 W - Temp\u00e9rature de couleur la plus similaire (Nom) : 3800 K"},"content":{"rendered":"<p>Die MASTER TL-D Food Lampe mit 26 mm R\u00f6hrendurchmesser eignet sich f\u00fcr eine ansprechende und verkaufsf\u00f6rdernde Pr\u00e4sentation von Lebensmitteln, wie Obst, Gem\u00fcse, Fleisch- und B\u00e4ckereiprodukten. Die Produkte erscheinen besonders frisch und lecker.<\/p>\n","protected":false},"excerpt":{"rendered":"<p>Die MASTER TL-D Food Lampe mit 26 mm R\u00f6hrendurchmesser eignet sich f\u00fcr eine ansprechende und verkaufsf\u00f6rdernde Pr\u00e4sentation von Lebensmitteln, wie Obst, Gem\u00fcse, Fleisch- und B\u00e4ckereiprodukten. Die Produkte erscheinen besonders frisch und lecker.<\/p>\n","protected":false},"featured_media":367378,"template":"","meta":[],"product_brand":[],"product_cat":[84417],"product_tag":[],"class_list":{"0":"post-349481","1":"product","2":"type-product","3":"status-publish","4":"has-post-thumbnail","6":"product_cat-leuchtstofflampe","8":"first","9":"instock","10":"taxable","11":"shipping-taxable","12":"product-type-simple"},"_links":{"self":[{"href":"https:\/\/www.arclite-shop.de\/fr\/wp-json\/wp\/v2\/product\/349481","targetHints":{"allow":["GET"]}}],"collection":[{"href":"https:\/\/www.arclite-shop.de\/fr\/wp-json\/wp\/v2\/product"}],"about":[{"href":"https:\/\/www.arclite-shop.de\/fr\/wp-json\/wp\/v2\/types\/product"}],"wp:featuredmedia":[{"embeddable":true,"href":"https:\/\/www.arclite-shop.de\/fr\/wp-json\/wp\/v2\/media\/367378"}],"wp:attachment":[{"href":"https:\/\/www.arclite-shop.de\/fr\/wp-json\/wp\/v2\/media?parent=349481"}],"wp:term":[{"taxonomy":"product_brand","embeddable":true,"href":"https:\/\/www.arclite-shop.de\/fr\/wp-json\/wp\/v2\/product_brand?post=349481"},{"taxonomy":"product_cat","embeddable":true,"href":"https:\/\/www.arclite-shop.de\/fr\/wp-json\/wp\/v2\/product_cat?post=349481"},{"taxonomy":"product_tag","embeddable":true,"href":"https:\/\/www.arclite-shop.de\/fr\/wp-json\/wp\/v2\/product_tag?post=349481"}],"curies":[{"name":"wp","href":"https:\/\/api.w.org\/{rel}","templated":true}]}}