{"id":349462,"date":"2024-10-31T13:58:33","date_gmt":"2024-10-31T12:58:33","guid":{"rendered":"https:\/\/www.arclite-shop.de\/produkt\/03-95227155\/"},"modified":"2026-04-18T10:06:30","modified_gmt":"2026-04-18T08:06:30","slug":"03-95227155","status":"publish","type":"product","link":"https:\/\/www.arclite-shop.de\/fr\/produkt\/03-95227155\/","title":{"rendered":"MASTER TL5 HO Secura - Lampe fluorescente - Puissance syst\u00e8me : 49,4 W - Classe d\u2019efficacit\u00e9 \u00e9nerg\u00e9tique : G - Temp\u00e9rature de couleur la plus similaire (Nom) : 4000 K"},"content":{"rendered":"<p>MASTER TL5 HO Secura mit 16 mm R\u00f6hrendurchmesser besitzt eine Schutzh\u00fclle, die das Glas und andere Lampenteile im Falle eines Lampenbruchs zusammenh\u00e4lt. Die Lampe ist einfach an dem blauen Ring an einem Ende der R\u00f6hre zu erkennen. Sie ist konform mit HACCP Regulierungen und vereinfacht die Zertifizierung.<\/p>\n","protected":false},"excerpt":{"rendered":"<p>MASTER TL5 HO Secura mit 16 mm R\u00f6hrendurchmesser besitzt eine Schutzh\u00fclle, die das Glas und andere Lampenteile im Falle eines Lampenbruchs zusammenh\u00e4lt. Die Lampe ist einfach an dem blauen Ring an einem Ende der R\u00f6hre zu erkennen. Sie ist konform<span class=\"excerpt-hellip\"> [\u2026]<\/span><\/p>\n","protected":false},"featured_media":367392,"template":"","meta":[],"product_brand":[],"product_cat":[84417],"product_tag":[],"class_list":{"0":"post-349462","1":"product","2":"type-product","3":"status-publish","4":"has-post-thumbnail","6":"product_cat-leuchtstofflampe","8":"first","9":"outofstock","10":"taxable","11":"shipping-taxable","12":"product-type-simple"},"_links":{"self":[{"href":"https:\/\/www.arclite-shop.de\/fr\/wp-json\/wp\/v2\/product\/349462","targetHints":{"allow":["GET"]}}],"collection":[{"href":"https:\/\/www.arclite-shop.de\/fr\/wp-json\/wp\/v2\/product"}],"about":[{"href":"https:\/\/www.arclite-shop.de\/fr\/wp-json\/wp\/v2\/types\/product"}],"wp:featuredmedia":[{"embeddable":true,"href":"https:\/\/www.arclite-shop.de\/fr\/wp-json\/wp\/v2\/media\/367392"}],"wp:attachment":[{"href":"https:\/\/www.arclite-shop.de\/fr\/wp-json\/wp\/v2\/media?parent=349462"}],"wp:term":[{"taxonomy":"product_brand","embeddable":true,"href":"https:\/\/www.arclite-shop.de\/fr\/wp-json\/wp\/v2\/product_brand?post=349462"},{"taxonomy":"product_cat","embeddable":true,"href":"https:\/\/www.arclite-shop.de\/fr\/wp-json\/wp\/v2\/product_cat?post=349462"},{"taxonomy":"product_tag","embeddable":true,"href":"https:\/\/www.arclite-shop.de\/fr\/wp-json\/wp\/v2\/product_tag?post=349462"}],"curies":[{"name":"wp","href":"https:\/\/api.w.org\/{rel}","templated":true}]}}