{"id":349447,"date":"2024-10-31T13:58:26","date_gmt":"2024-10-31T12:58:26","guid":{"rendered":"https:\/\/www.arclite-shop.de\/produkt\/03-40983650\/"},"modified":"2026-04-18T10:07:30","modified_gmt":"2026-04-18T08:07:30","slug":"03-40983650","status":"publish","type":"product","link":"https:\/\/www.arclite-shop.de\/fr\/produkt\/03-40983650\/","title":{"rendered":"Sp\u00e9cial halog\u00e8ne - Lampe studio, projection et photo - Puissance du syst\u00e8me : 150 W - Temp\u00e9rature de couleur la plus proche (Nom) : 3450 K"},"content":{"rendered":"<p>Halogenlampen schaffen ein behagliches, warmwei\u00dfes Licht und behalten ihre Lichtausbeute w\u00e4hrend ihrer gesamten Lebensdauer. Zudem sind sie leicht zu installieren, ersetzen und bedienen. Dem reibungslosen Einsatz in der Medienproduktion und -pr\u00e4sentation steht nichts im Weg.<\/p>\n","protected":false},"excerpt":{"rendered":"<p>Halogenlampen schaffen ein behagliches, warmwei\u00dfes Licht und behalten ihre Lichtausbeute w\u00e4hrend ihrer gesamten Lebensdauer. Zudem sind sie leicht zu installieren, ersetzen und bedienen. Dem reibungslosen Einsatz in der Medienproduktion und -pr\u00e4sentation steht nichts im Weg.<\/p>\n","protected":false},"featured_media":367402,"template":"","meta":[],"product_brand":[],"product_cat":[84339,84338],"product_tag":[],"class_list":{"0":"post-349447","1":"product","2":"type-product","3":"status-publish","4":"has-post-thumbnail","6":"product_cat-projektions-und-fotolampe","7":"product_cat-studio","9":"first","10":"instock","11":"taxable","12":"shipping-taxable","13":"product-type-simple"},"_links":{"self":[{"href":"https:\/\/www.arclite-shop.de\/fr\/wp-json\/wp\/v2\/product\/349447","targetHints":{"allow":["GET"]}}],"collection":[{"href":"https:\/\/www.arclite-shop.de\/fr\/wp-json\/wp\/v2\/product"}],"about":[{"href":"https:\/\/www.arclite-shop.de\/fr\/wp-json\/wp\/v2\/types\/product"}],"wp:featuredmedia":[{"embeddable":true,"href":"https:\/\/www.arclite-shop.de\/fr\/wp-json\/wp\/v2\/media\/367402"}],"wp:attachment":[{"href":"https:\/\/www.arclite-shop.de\/fr\/wp-json\/wp\/v2\/media?parent=349447"}],"wp:term":[{"taxonomy":"product_brand","embeddable":true,"href":"https:\/\/www.arclite-shop.de\/fr\/wp-json\/wp\/v2\/product_brand?post=349447"},{"taxonomy":"product_cat","embeddable":true,"href":"https:\/\/www.arclite-shop.de\/fr\/wp-json\/wp\/v2\/product_cat?post=349447"},{"taxonomy":"product_tag","embeddable":true,"href":"https:\/\/www.arclite-shop.de\/fr\/wp-json\/wp\/v2\/product_tag?post=349447"}],"curies":[{"name":"wp","href":"https:\/\/api.w.org\/{rel}","templated":true}]}}