{"id":349445,"date":"2024-10-31T13:58:25","date_gmt":"2024-10-31T12:58:25","guid":{"rendered":"https:\/\/www.arclite-shop.de\/produkt\/03-41061030\/"},"modified":"2026-04-18T10:07:33","modified_gmt":"2026-04-18T08:07:33","slug":"03-41061030","status":"publish","type":"product","link":"https:\/\/www.arclite-shop.de\/fr\/produkt\/03-41061030\/","title":{"rendered":"R\u00e9flecteur halog\u00e8ne - Lampe de studio, projection et photo - Consommation d\u2019\u00e9nergie : 150 W - Temp\u00e9rature couleur la plus proche (Nom) : 3150 K"},"content":{"rendered":"<p>Philips Halogen-Reflektorlampen bieten die ideale L\u00f6sung f\u00fcr eine Vielzahl von medizinischen, wissenschaftlichen und Projektionsbeleuchtungssysteme. Die bew\u00e4hrte Zuverl\u00e4ssigkeit macht sie ideal f\u00fcr den nachtr\u00e4glichen Einbau. Dichroitische Reflektoren sorgen f\u00fcr W\u00e4rmeableitung in Richtung der R\u00fcckseite des optischen Systems, wodurch das beleuchtete Objekt geschont wird.<\/p>\n","protected":false},"excerpt":{"rendered":"<p>Philips Halogen-Reflektorlampen bieten die ideale L\u00f6sung f\u00fcr eine Vielzahl von medizinischen, wissenschaftlichen und Projektionsbeleuchtungssysteme. Die bew\u00e4hrte Zuverl\u00e4ssigkeit macht sie ideal f\u00fcr den nachtr\u00e4glichen Einbau. Dichroitische Reflektoren sorgen f\u00fcr W\u00e4rmeableitung in Richtung der R\u00fcckseite des optischen Systems, wodurch das beleuchtete Objekt<span class=\"excerpt-hellip\"> [\u2026]<\/span><\/p>\n","protected":false},"featured_media":367404,"template":"","meta":[],"product_brand":[],"product_cat":[84339,84338],"product_tag":[],"class_list":{"0":"post-349445","1":"product","2":"type-product","3":"status-publish","4":"has-post-thumbnail","6":"product_cat-projektions-und-fotolampe","7":"product_cat-studio","9":"first","10":"instock","11":"taxable","12":"shipping-taxable","13":"product-type-simple"},"_links":{"self":[{"href":"https:\/\/www.arclite-shop.de\/fr\/wp-json\/wp\/v2\/product\/349445","targetHints":{"allow":["GET"]}}],"collection":[{"href":"https:\/\/www.arclite-shop.de\/fr\/wp-json\/wp\/v2\/product"}],"about":[{"href":"https:\/\/www.arclite-shop.de\/fr\/wp-json\/wp\/v2\/types\/product"}],"wp:featuredmedia":[{"embeddable":true,"href":"https:\/\/www.arclite-shop.de\/fr\/wp-json\/wp\/v2\/media\/367404"}],"wp:attachment":[{"href":"https:\/\/www.arclite-shop.de\/fr\/wp-json\/wp\/v2\/media?parent=349445"}],"wp:term":[{"taxonomy":"product_brand","embeddable":true,"href":"https:\/\/www.arclite-shop.de\/fr\/wp-json\/wp\/v2\/product_brand?post=349445"},{"taxonomy":"product_cat","embeddable":true,"href":"https:\/\/www.arclite-shop.de\/fr\/wp-json\/wp\/v2\/product_cat?post=349445"},{"taxonomy":"product_tag","embeddable":true,"href":"https:\/\/www.arclite-shop.de\/fr\/wp-json\/wp\/v2\/product_tag?post=349445"}],"curies":[{"name":"wp","href":"https:\/\/api.w.org\/{rel}","templated":true}]}}