{"id":349165,"date":"2024-10-31T13:56:05","date_gmt":"2024-10-31T12:56:05","guid":{"rendered":"https:\/\/www.arclite-shop.de\/produkt\/03-31607200\/"},"modified":"2026-04-18T10:22:42","modified_gmt":"2026-04-18T08:22:42","slug":"03-31607200","status":"publish","type":"product","link":"https:\/\/www.arclite-shop.de\/fr\/produkt\/03-31607200\/","title":{"rendered":"Ampoules LED d\u00e9coratives Master Value en forme de bougie et goutte - Lampe LED\/Multi-LED - Alimentation syst\u00e8me : 2,6 W"},"content":{"rendered":"<p>Die neue Deko-Kollektion (Kerzen- Tropfenlampen) transformiert Ihr Zuhause mit einer perfekten Mischung aus (warmem) wei\u00dfem Licht und einer schlanken, minimalistischen Beleuchtungserlebnis. Mit einer sehr langen Nutzlebensdauer, bis zu 90 % Energieeinsparung, keinem sichtbaren Flackern und sofortiger voller Helligkeit kommen Sie zudem in den Genuss eines weichen und gleichm\u00e4\u00dfig verteilten Lichts, das einen trendigen und stilvollen Charme ausstrahlt und im Heimbereich f\u00fcr einladende Harmonie sorgt.<\/p>\n","protected":false},"excerpt":{"rendered":"<p>Die neue Deko-Kollektion (Kerzen- Tropfenlampen) transformiert Ihr Zuhause mit einer perfekten Mischung aus (warmem) wei\u00dfem Licht und einer schlanken, minimalistischen Beleuchtungserlebnis. Mit einer sehr langen Nutzlebensdauer, bis zu 90 % Energieeinsparung, keinem sichtbaren Flackern und sofortiger voller Helligkeit kommen Sie<span class=\"excerpt-hellip\"> [\u2026]<\/span><\/p>\n","protected":false},"featured_media":367592,"template":"","meta":[],"product_brand":[],"product_cat":[83758],"product_tag":[],"class_list":{"0":"post-349165","1":"product","2":"type-product","3":"status-publish","4":"has-post-thumbnail","6":"product_cat-led-lampe-multi-led-signify","8":"first","9":"instock","10":"taxable","11":"shipping-taxable","12":"product-type-simple"},"_links":{"self":[{"href":"https:\/\/www.arclite-shop.de\/fr\/wp-json\/wp\/v2\/product\/349165","targetHints":{"allow":["GET"]}}],"collection":[{"href":"https:\/\/www.arclite-shop.de\/fr\/wp-json\/wp\/v2\/product"}],"about":[{"href":"https:\/\/www.arclite-shop.de\/fr\/wp-json\/wp\/v2\/types\/product"}],"wp:featuredmedia":[{"embeddable":true,"href":"https:\/\/www.arclite-shop.de\/fr\/wp-json\/wp\/v2\/media\/367592"}],"wp:attachment":[{"href":"https:\/\/www.arclite-shop.de\/fr\/wp-json\/wp\/v2\/media?parent=349165"}],"wp:term":[{"taxonomy":"product_brand","embeddable":true,"href":"https:\/\/www.arclite-shop.de\/fr\/wp-json\/wp\/v2\/product_brand?post=349165"},{"taxonomy":"product_cat","embeddable":true,"href":"https:\/\/www.arclite-shop.de\/fr\/wp-json\/wp\/v2\/product_cat?post=349165"},{"taxonomy":"product_tag","embeddable":true,"href":"https:\/\/www.arclite-shop.de\/fr\/wp-json\/wp\/v2\/product_tag?post=349165"}],"curies":[{"name":"wp","href":"https:\/\/api.w.org\/{rel}","templated":true}]}}