{"id":349142,"date":"2024-10-31T13:55:53","date_gmt":"2024-10-31T12:55:53","guid":{"rendered":"https:\/\/www.arclite-shop.de\/produkt\/03-31631700\/"},"modified":"2026-04-18T10:23:44","modified_gmt":"2026-04-18T08:23:44","slug":"03-31631700","status":"publish","type":"product","link":"https:\/\/www.arclite-shop.de\/fr\/produkt\/03-31631700\/","title":{"rendered":"Trueforce Core LED SON-T - Lampe LED\/Multi-LED - Puissance syst\u00e8me : 26 W - Classe d\u2019efficacit\u00e9 \u00e9nerg\u00e9tique : C - Temp\u00e9rature de couleur la plus similaire (Nom) :  Nom): 4000 K"},"content":{"rendered":"<p>Die neuen Philips CorePro LED HID SON T-Lampen sind eine einfache LED-L\u00f6sung mit schneller Amortisation als Ersatz f\u00fcr High Intensity Discharge (HID)-Lampen. Diese neue Produktgeneration bietet alle Energieeffizienz- und Langlebigkeitsvorteile von LED f\u00fcr den HID-Ersatz und sorgt gleichzeitig f\u00fcr sofortige Einsparungen bei einer geringen Anfangsinvestition. Au\u00dferdem verf\u00fcgen sie \u00fcber die gleiche Gr\u00f6\u00dfe und Lichtverteilung wie andere HID-Lampen, so dass Sie den Unterschied nicht bemerken werden. All das dank unserer HighPower-LED-Filament-Technologie. Ihr einzigartiges IP65-Design erm\u00f6glicht zudem die Nutzung f\u00fcr Anwendungen im Au\u00dfenbereich.<\/p>\n","protected":false},"excerpt":{"rendered":"<p>Die neuen Philips CorePro LED HID SON T-Lampen sind eine einfache LED-L\u00f6sung mit schneller Amortisation als Ersatz f\u00fcr High Intensity Discharge (HID)-Lampen. Diese neue Produktgeneration bietet alle Energieeffizienz- und Langlebigkeitsvorteile von LED f\u00fcr den HID-Ersatz und sorgt gleichzeitig f\u00fcr sofortige<span class=\"excerpt-hellip\"> [\u2026]<\/span><\/p>\n","protected":false},"featured_media":367620,"template":"","meta":[],"product_brand":[],"product_cat":[83758],"product_tag":[],"class_list":{"0":"post-349142","1":"product","2":"type-product","3":"status-publish","4":"has-post-thumbnail","6":"product_cat-led-lampe-multi-led-signify","8":"first","9":"instock","10":"taxable","11":"shipping-taxable","12":"product-type-simple"},"_links":{"self":[{"href":"https:\/\/www.arclite-shop.de\/fr\/wp-json\/wp\/v2\/product\/349142","targetHints":{"allow":["GET"]}}],"collection":[{"href":"https:\/\/www.arclite-shop.de\/fr\/wp-json\/wp\/v2\/product"}],"about":[{"href":"https:\/\/www.arclite-shop.de\/fr\/wp-json\/wp\/v2\/types\/product"}],"wp:featuredmedia":[{"embeddable":true,"href":"https:\/\/www.arclite-shop.de\/fr\/wp-json\/wp\/v2\/media\/367620"}],"wp:attachment":[{"href":"https:\/\/www.arclite-shop.de\/fr\/wp-json\/wp\/v2\/media?parent=349142"}],"wp:term":[{"taxonomy":"product_brand","embeddable":true,"href":"https:\/\/www.arclite-shop.de\/fr\/wp-json\/wp\/v2\/product_brand?post=349142"},{"taxonomy":"product_cat","embeddable":true,"href":"https:\/\/www.arclite-shop.de\/fr\/wp-json\/wp\/v2\/product_cat?post=349142"},{"taxonomy":"product_tag","embeddable":true,"href":"https:\/\/www.arclite-shop.de\/fr\/wp-json\/wp\/v2\/product_tag?post=349142"}],"curies":[{"name":"wp","href":"https:\/\/api.w.org\/{rel}","templated":true}]}}