{"id":349107,"date":"2024-10-31T13:55:39","date_gmt":"2024-10-31T12:55:39","guid":{"rendered":"https:\/\/www.arclite-shop.de\/produkt\/03-75031200\/"},"modified":"2026-04-18T10:26:25","modified_gmt":"2026-04-18T08:26:25","slug":"03-75031200","status":"publish","type":"product","link":"https:\/\/www.arclite-shop.de\/fr\/produkt\/03-75031200\/","title":{"rendered":"Trueforce CorePro LED HPL - Lampe LED\/Multi-LED - Consommation d\u2019\u00e9nergie : 18 W - Classe d\u2019efficacit\u00e9 \u00e9nerg\u00e9tique : C - Temp\u00e9rature de couleur la plus similaire (Nom) : 4000 K"},"content":{"rendered":"<p>Die TrueForce Core LED Familie bietet den idealen Ersatz f\u00fcr eine Vielzahl von Entladungslampen. Jede Lampe kann direkt an 230V betrieben werden. Der Kolben jeder TrueForce Core besteht vollst\u00e4ndig aus Glas, wie bei einer herk\u00f6mmlichen Entladungslampe. Durch ihren Ausstrahlwinkel von 300\u00b0 und der Schutzklasse IP65 (wasserdicht) sind sie geeignet f\u00fcr die Innen- und Au\u00dfenbeleuchtung.<\/p>\n","protected":false},"excerpt":{"rendered":"<p>Die TrueForce Core LED Familie bietet den idealen Ersatz f\u00fcr eine Vielzahl von Entladungslampen. Jede Lampe kann direkt an 230V betrieben werden. Der Kolben jeder TrueForce Core besteht vollst\u00e4ndig aus Glas, wie bei einer herk\u00f6mmlichen Entladungslampe. Durch ihren Ausstrahlwinkel von<span class=\"excerpt-hellip\"> [\u2026]<\/span><\/p>\n","protected":false},"featured_media":367640,"template":"","meta":[],"product_brand":[],"product_cat":[83758],"product_tag":[],"class_list":{"0":"post-349107","1":"product","2":"type-product","3":"status-publish","4":"has-post-thumbnail","6":"product_cat-led-lampe-multi-led-signify","8":"first","9":"instock","10":"taxable","11":"shipping-taxable","12":"product-type-simple"},"_links":{"self":[{"href":"https:\/\/www.arclite-shop.de\/fr\/wp-json\/wp\/v2\/product\/349107","targetHints":{"allow":["GET"]}}],"collection":[{"href":"https:\/\/www.arclite-shop.de\/fr\/wp-json\/wp\/v2\/product"}],"about":[{"href":"https:\/\/www.arclite-shop.de\/fr\/wp-json\/wp\/v2\/types\/product"}],"wp:featuredmedia":[{"embeddable":true,"href":"https:\/\/www.arclite-shop.de\/fr\/wp-json\/wp\/v2\/media\/367640"}],"wp:attachment":[{"href":"https:\/\/www.arclite-shop.de\/fr\/wp-json\/wp\/v2\/media?parent=349107"}],"wp:term":[{"taxonomy":"product_brand","embeddable":true,"href":"https:\/\/www.arclite-shop.de\/fr\/wp-json\/wp\/v2\/product_brand?post=349107"},{"taxonomy":"product_cat","embeddable":true,"href":"https:\/\/www.arclite-shop.de\/fr\/wp-json\/wp\/v2\/product_cat?post=349107"},{"taxonomy":"product_tag","embeddable":true,"href":"https:\/\/www.arclite-shop.de\/fr\/wp-json\/wp\/v2\/product_tag?post=349107"}],"curies":[{"name":"wp","href":"https:\/\/api.w.org\/{rel}","templated":true}]}}