{"id":349100,"date":"2024-10-31T13:55:35","date_gmt":"2024-10-31T12:55:35","guid":{"rendered":"https:\/\/www.arclite-shop.de\/produkt\/03-16901200\/"},"modified":"2026-04-18T10:26:50","modified_gmt":"2026-04-18T08:26:50","slug":"03-16901200","status":"publish","type":"product","link":"https:\/\/www.arclite-shop.de\/fr\/produkt\/03-16901200\/","title":{"rendered":"Ampoule LED CorePro Forme de l\u2019ampoule - Lampe LED\/Multi-LED - Puissance syst\u00e8me : 13 W - Classe d\u2019efficacit\u00e9 \u00e9nerg\u00e9tique : E - Temp\u00e9rature de couleur la plus similaire (Nom) :  Nom): 2700 K"},"content":{"rendered":"<p>Wer Wert auf eine angenehme Beleuchtung zum g\u00fcnstigen Preis legt, greift gerne auf die Rennertype CorePro LEDbulb zur\u00fcck. Sie ist ideal f\u00fcr allgemeine Beleuchtungsanwendungen und erzeugt ein warmes Licht bei geringem Energieverbrauch.<\/p>\n","protected":false},"excerpt":{"rendered":"<p>Wer Wert auf eine angenehme Beleuchtung zum g\u00fcnstigen Preis legt, greift gerne auf die Rennertype CorePro LEDbulb zur\u00fcck. Sie ist ideal f\u00fcr allgemeine Beleuchtungsanwendungen und erzeugt ein warmes Licht bei geringem Energieverbrauch.<\/p>\n","protected":false},"featured_media":367642,"template":"","meta":[],"product_brand":[],"product_cat":[83758],"product_tag":[],"class_list":{"0":"post-349100","1":"product","2":"type-product","3":"status-publish","4":"has-post-thumbnail","6":"product_cat-led-lampe-multi-led-signify","8":"first","9":"instock","10":"taxable","11":"shipping-taxable","12":"product-type-simple"},"_links":{"self":[{"href":"https:\/\/www.arclite-shop.de\/fr\/wp-json\/wp\/v2\/product\/349100","targetHints":{"allow":["GET"]}}],"collection":[{"href":"https:\/\/www.arclite-shop.de\/fr\/wp-json\/wp\/v2\/product"}],"about":[{"href":"https:\/\/www.arclite-shop.de\/fr\/wp-json\/wp\/v2\/types\/product"}],"wp:featuredmedia":[{"embeddable":true,"href":"https:\/\/www.arclite-shop.de\/fr\/wp-json\/wp\/v2\/media\/367642"}],"wp:attachment":[{"href":"https:\/\/www.arclite-shop.de\/fr\/wp-json\/wp\/v2\/media?parent=349100"}],"wp:term":[{"taxonomy":"product_brand","embeddable":true,"href":"https:\/\/www.arclite-shop.de\/fr\/wp-json\/wp\/v2\/product_brand?post=349100"},{"taxonomy":"product_cat","embeddable":true,"href":"https:\/\/www.arclite-shop.de\/fr\/wp-json\/wp\/v2\/product_cat?post=349100"},{"taxonomy":"product_tag","embeddable":true,"href":"https:\/\/www.arclite-shop.de\/fr\/wp-json\/wp\/v2\/product_tag?post=349100"}],"curies":[{"name":"wp","href":"https:\/\/api.w.org\/{rel}","templated":true}]}}