{"id":349084,"date":"2024-10-31T13:55:29","date_gmt":"2024-10-31T12:55:29","guid":{"rendered":"https:\/\/www.arclite-shop.de\/produkt\/03-34756400\/"},"modified":"2026-04-18T10:28:12","modified_gmt":"2026-04-18T08:28:12","slug":"03-34756400","status":"publish","type":"product","link":"https:\/\/www.arclite-shop.de\/fr\/produkt\/03-34756400\/","title":{"rendered":"Lampes CorePro GLASS LED et en forme de goutte - Lampe LED\/Multi-LED - Puissance syst\u00e8me : 6,5 W - Classe d\u2019efficacit\u00e9 \u00e9nerg\u00e9tique : E"},"content":{"rendered":"<p>Diese LED-Gl\u00fchfaden-Kerzenlampen im klassischem Design vereinen die vertrauten Formen der klassischen Gl\u00fchlampen mit den Vorteilen der langlebigen LED-Technologie. Diese LED-Kerzenlampe ist eine einfache Wahl f\u00fcr alle, die nach einem LED-Ersatz zur Um- und Nachr\u00fcstung suchen. Sie bietet 90% Energieeinsparung im Vergleich zu herk\u00f6mmlichen Gl\u00fchlampen. LED-Gl\u00fchlampen aus Glas bieten eine hervorragende Lichtqualit\u00e4t f\u00fcr die Treppenbeleuchtung. Die LED-Kerzenlampe hat eine Lebensdauer von 15.000 Stunden und verringert so die Wartungskosten.<\/p>\n","protected":false},"excerpt":{"rendered":"<p>Diese LED-Gl\u00fchfaden-Kerzenlampen im klassischem Design vereinen die vertrauten Formen der klassischen Gl\u00fchlampen mit den Vorteilen der langlebigen LED-Technologie. Diese LED-Kerzenlampe ist eine einfache Wahl f\u00fcr alle, die nach einem LED-Ersatz zur Um- und Nachr\u00fcstung suchen. Sie bietet 90% Energieeinsparung im<span class=\"excerpt-hellip\"> [\u2026]<\/span><\/p>\n","protected":false},"featured_media":367656,"template":"","meta":[],"product_brand":[],"product_cat":[83758],"product_tag":[],"class_list":{"0":"post-349084","1":"product","2":"type-product","3":"status-publish","4":"has-post-thumbnail","6":"product_cat-led-lampe-multi-led-signify","8":"first","9":"instock","10":"taxable","11":"shipping-taxable","12":"product-type-simple"},"_links":{"self":[{"href":"https:\/\/www.arclite-shop.de\/fr\/wp-json\/wp\/v2\/product\/349084","targetHints":{"allow":["GET"]}}],"collection":[{"href":"https:\/\/www.arclite-shop.de\/fr\/wp-json\/wp\/v2\/product"}],"about":[{"href":"https:\/\/www.arclite-shop.de\/fr\/wp-json\/wp\/v2\/types\/product"}],"wp:featuredmedia":[{"embeddable":true,"href":"https:\/\/www.arclite-shop.de\/fr\/wp-json\/wp\/v2\/media\/367656"}],"wp:attachment":[{"href":"https:\/\/www.arclite-shop.de\/fr\/wp-json\/wp\/v2\/media?parent=349084"}],"wp:term":[{"taxonomy":"product_brand","embeddable":true,"href":"https:\/\/www.arclite-shop.de\/fr\/wp-json\/wp\/v2\/product_brand?post=349084"},{"taxonomy":"product_cat","embeddable":true,"href":"https:\/\/www.arclite-shop.de\/fr\/wp-json\/wp\/v2\/product_cat?post=349084"},{"taxonomy":"product_tag","embeddable":true,"href":"https:\/\/www.arclite-shop.de\/fr\/wp-json\/wp\/v2\/product_tag?post=349084"}],"curies":[{"name":"wp","href":"https:\/\/api.w.org\/{rel}","templated":true}]}}