{"id":349075,"date":"2024-10-31T13:55:24","date_gmt":"2024-10-31T12:55:24","guid":{"rendered":"https:\/\/www.arclite-shop.de\/produkt\/03-64673800\/"},"modified":"2026-04-18T10:28:46","modified_gmt":"2026-04-18T08:28:46","slug":"03-64673800","status":"publish","type":"product","link":"https:\/\/www.arclite-shop.de\/fr\/produkt\/03-64673800\/","title":{"rendered":"Lampes \u00e0 barre haute tension CorePro LEDlinear R7S - Lampe LED\/Multi-LED - Consommation d\u2019\u00e9nergie : 17,5 W - Classe d\u2019efficacit\u00e9 \u00e9nerg\u00e9tique : D"},"content":{"rendered":"<p>CorePro R7S ist eine Nachr\u00fcstl\u00f6sung als Ersatz f\u00fcr herk\u00f6mmliche zweiseitig gesockelte R7S-Stablampen. Ihr Licht nach dem \u00ab\u00a0Light all around\u00a0\u00bb-Konzept ist mit dem einer Halogenlampe vergleichbar. Innerhalb des Sortiments k\u00f6nnen Sie dimmbare Produkte mit Tiefen-Dimmfunktion w\u00e4hlen, durch die eine gem\u00fctliche Atmosph\u00e4re geschaffen werden kann, wenn diese Lampe in eine dimmbare Leuchte eingesetzt wird.<\/p>\n","protected":false},"excerpt":{"rendered":"<p>CorePro R7S ist eine Nachr\u00fcstl\u00f6sung als Ersatz f\u00fcr herk\u00f6mmliche zweiseitig gesockelte R7S-Stablampen. Ihr Licht nach dem \u00ab\u00a0Light all around\u00a0\u00bb-Konzept ist mit dem einer Halogenlampe vergleichbar. Innerhalb des Sortiments k\u00f6nnen Sie dimmbare Produkte mit Tiefen-Dimmfunktion w\u00e4hlen, durch die eine gem\u00fctliche Atmosph\u00e4re<span class=\"excerpt-hellip\"> [\u2026]<\/span><\/p>\n","protected":false},"featured_media":367670,"template":"","meta":[],"product_brand":[],"product_cat":[83758],"product_tag":[],"class_list":{"0":"post-349075","1":"product","2":"type-product","3":"status-publish","4":"has-post-thumbnail","6":"product_cat-led-lampe-multi-led-signify","8":"first","9":"instock","10":"taxable","11":"shipping-taxable","12":"product-type-simple"},"_links":{"self":[{"href":"https:\/\/www.arclite-shop.de\/fr\/wp-json\/wp\/v2\/product\/349075","targetHints":{"allow":["GET"]}}],"collection":[{"href":"https:\/\/www.arclite-shop.de\/fr\/wp-json\/wp\/v2\/product"}],"about":[{"href":"https:\/\/www.arclite-shop.de\/fr\/wp-json\/wp\/v2\/types\/product"}],"wp:featuredmedia":[{"embeddable":true,"href":"https:\/\/www.arclite-shop.de\/fr\/wp-json\/wp\/v2\/media\/367670"}],"wp:attachment":[{"href":"https:\/\/www.arclite-shop.de\/fr\/wp-json\/wp\/v2\/media?parent=349075"}],"wp:term":[{"taxonomy":"product_brand","embeddable":true,"href":"https:\/\/www.arclite-shop.de\/fr\/wp-json\/wp\/v2\/product_brand?post=349075"},{"taxonomy":"product_cat","embeddable":true,"href":"https:\/\/www.arclite-shop.de\/fr\/wp-json\/wp\/v2\/product_cat?post=349075"},{"taxonomy":"product_tag","embeddable":true,"href":"https:\/\/www.arclite-shop.de\/fr\/wp-json\/wp\/v2\/product_tag?post=349075"}],"curies":[{"name":"wp","href":"https:\/\/api.w.org\/{rel}","templated":true}]}}