{"id":347601,"date":"2024-10-31T11:37:22","date_gmt":"2024-10-31T10:37:22","guid":{"rendered":"https:\/\/www.arclite-shop.de\/produkt\/717-x04w90-840he-84023wip67-4r\/"},"modified":"2026-04-18T10:57:38","modified_gmt":"2026-04-18T08:57:38","slug":"717-x04w90-840he-84023wip67-4r","status":"publish","type":"product","link":"https:\/\/www.arclite-shop.de\/fr\/produkt\/717-x04w90-840he-84023wip67-4r\/","title":{"rendered":"SNEP MODE X - Luminaires industriels lin\u00e9aires RAL 7016  23W 90\u00b0 4000K CRI85 717-X04W90 840HE-84023WIP67-4R"},"content":{"rendered":"<p>Optimal durchdachte LED Aufbau-\/ Pendelleuchte f\u00fcr anspruchsvolle Industriebeleuchtung in Schwerindustrie, Wartungshallen, Lagerh\u00e4user, Autowaschanlagen, Branchen mit \u00d6l- bzw. Chemikalienausd\u00fcnstung, Abfertigungsgeb\u00e4ude und Tunnel. Montage direkt an der Decke oder an Seilabh\u00e4ngung. Zubeh\u00f6r f\u00fcr Pendelmontage separat bestellen. Geh\u00e4use aus Aluminiumprofil, pulverbeschichtet. Endkappen aus Druckgussaluminium, pulverbeschichtet. Kabeldurchf\u00fchrung aus Messing bzw. rostfreiem Stahl. 2Stk VT22003 Halterung f\u00fcr Deckenmontage ben\u00f6tigt. Dichtung aus hochwertigem Silikon. PMMA Optiken aus Spritzguss. Korrosionsklasse C5. Geeignet f\u00fcr Umgebungstemperatur -25\u00b0C bis +50\u00b0C. Lichtstromr\u00fcckgang nach 100.000h L80\/B50 bei ta 25\u00b0C. 5 Jahre Garantie. Integriertes, nicht dimmbares Betriebsger\u00e4t. Netto 3500lm<\/p>\n","protected":false},"excerpt":{"rendered":"<p>Optimal durchdachte LED Aufbau-\/ Pendelleuchte f\u00fcr anspruchsvolle Industriebeleuchtung in Schwerindustrie, Wartungshallen, Lagerh\u00e4user, Autowaschanlagen, Branchen mit \u00d6l- bzw. Chemikalienausd\u00fcnstung, Abfertigungsgeb\u00e4ude und Tunnel. Montage direkt an der Decke oder an Seilabh\u00e4ngung. Zubeh\u00f6r f\u00fcr Pendelmontage separat bestellen. Geh\u00e4use aus Aluminiumprofil, pulverbeschichtet. Endkappen aus<span class=\"excerpt-hellip\"> [\u2026]<\/span><\/p>\n","protected":false},"featured_media":261877,"template":"","meta":[],"product_brand":[],"product_cat":[86238],"product_tag":[],"class_list":{"0":"post-347601","1":"product","2":"type-product","3":"status-publish","4":"has-post-thumbnail","6":"product_cat-industrieleuchten","8":"first","9":"instock","10":"taxable","11":"shipping-taxable","12":"product-type-simple"},"_links":{"self":[{"href":"https:\/\/www.arclite-shop.de\/fr\/wp-json\/wp\/v2\/product\/347601","targetHints":{"allow":["GET"]}}],"collection":[{"href":"https:\/\/www.arclite-shop.de\/fr\/wp-json\/wp\/v2\/product"}],"about":[{"href":"https:\/\/www.arclite-shop.de\/fr\/wp-json\/wp\/v2\/types\/product"}],"wp:featuredmedia":[{"embeddable":true,"href":"https:\/\/www.arclite-shop.de\/fr\/wp-json\/wp\/v2\/media\/261877"}],"wp:attachment":[{"href":"https:\/\/www.arclite-shop.de\/fr\/wp-json\/wp\/v2\/media?parent=347601"}],"wp:term":[{"taxonomy":"product_brand","embeddable":true,"href":"https:\/\/www.arclite-shop.de\/fr\/wp-json\/wp\/v2\/product_brand?post=347601"},{"taxonomy":"product_cat","embeddable":true,"href":"https:\/\/www.arclite-shop.de\/fr\/wp-json\/wp\/v2\/product_cat?post=347601"},{"taxonomy":"product_tag","embeddable":true,"href":"https:\/\/www.arclite-shop.de\/fr\/wp-json\/wp\/v2\/product_tag?post=347601"}],"curies":[{"name":"wp","href":"https:\/\/api.w.org\/{rel}","templated":true}]}}