{"id":347599,"date":"2024-10-31T11:37:20","date_gmt":"2024-10-31T10:37:20","guid":{"rendered":"https:\/\/www.arclite-shop.de\/produkt\/856-aa82553-01\/"},"modified":"2026-04-18T10:58:02","modified_gmt":"2026-04-18T08:58:02","slug":"856-aa82553-01","status":"publish","type":"product","link":"https:\/\/www.arclite-shop.de\/fr\/produkt\/856-aa82553-01\/","title":{"rendered":"trackCENTURY 21 - Projecteur de piste rotatif argent\u00e9 - 856-AA82553.01"},"content":{"rendered":"<p>Klassischer und preiswerter Schienenstrahler mit GU10-Lampenfassung f\u00fcr LED-Retrofitlampen PAR16. Geeignet f\u00fcr den Austausch von 35W- und 50W GU10-PAR16 Halogenlampen. Aluminiumgeh\u00e4use, pulverbeschichtet. Inklusive dekorativem Frontring. Drehbereich 355\u00b0. Schwenkbereich 90\u00b0. Universeller 1-Phasen Global GB66 Schienenadapter. 5 Jahre Garantie. Schwarzer Frontring als Accessoire<\/p>\n","protected":false},"excerpt":{"rendered":"<p>Klassischer und preiswerter Schienenstrahler mit GU10-Lampenfassung f\u00fcr LED-Retrofitlampen PAR16. Geeignet f\u00fcr den Austausch von 35W- und 50W GU10-PAR16 Halogenlampen. Aluminiumgeh\u00e4use, pulverbeschichtet. Inklusive dekorativem Frontring. Drehbereich 355\u00b0. Schwenkbereich 90\u00b0. Universeller 1-Phasen Global GB66 Schienenadapter. 5 Jahre Garantie. Schwarzer Frontring als Accessoire<\/p>\n","protected":false},"featured_media":367834,"template":"","meta":[],"product_brand":[],"product_cat":[85769],"product_tag":[],"class_list":{"0":"post-347599","1":"product","2":"type-product","3":"status-publish","4":"has-post-thumbnail","6":"product_cat-schienenstrahler-dreh-schwenkbar","8":"first","9":"instock","10":"taxable","11":"shipping-taxable","12":"product-type-simple"},"_links":{"self":[{"href":"https:\/\/www.arclite-shop.de\/fr\/wp-json\/wp\/v2\/product\/347599","targetHints":{"allow":["GET"]}}],"collection":[{"href":"https:\/\/www.arclite-shop.de\/fr\/wp-json\/wp\/v2\/product"}],"about":[{"href":"https:\/\/www.arclite-shop.de\/fr\/wp-json\/wp\/v2\/types\/product"}],"wp:featuredmedia":[{"embeddable":true,"href":"https:\/\/www.arclite-shop.de\/fr\/wp-json\/wp\/v2\/media\/367834"}],"wp:attachment":[{"href":"https:\/\/www.arclite-shop.de\/fr\/wp-json\/wp\/v2\/media?parent=347599"}],"wp:term":[{"taxonomy":"product_brand","embeddable":true,"href":"https:\/\/www.arclite-shop.de\/fr\/wp-json\/wp\/v2\/product_brand?post=347599"},{"taxonomy":"product_cat","embeddable":true,"href":"https:\/\/www.arclite-shop.de\/fr\/wp-json\/wp\/v2\/product_cat?post=347599"},{"taxonomy":"product_tag","embeddable":true,"href":"https:\/\/www.arclite-shop.de\/fr\/wp-json\/wp\/v2\/product_tag?post=347599"}],"curies":[{"name":"wp","href":"https:\/\/api.w.org\/{rel}","templated":true}]}}