{"id":345640,"date":"2024-10-31T11:09:07","date_gmt":"2024-10-31T10:09:07","guid":{"rendered":"https:\/\/www.arclite-shop.de\/produkt\/119-ae81318-00-90\/"},"modified":"2026-04-18T15:36:27","modified_gmt":"2026-04-18T13:36:27","slug":"119-ae81318-00-90","status":"publish","type":"product","link":"https:\/\/www.arclite-shop.de\/fr\/produkt\/119-ae81318-00-90\/","title":{"rendered":"rondCENTURY 118 M - Luminaires ronds encastr\u00e9s pivotants blancs  13W 14\u00b0 2700K CRI92 119-AE81318.00.90"},"content":{"rendered":"<p>DER Retail-Klassiker f\u00fcr hohe Anspr\u00fcche, gr\u00f6\u00dfere Bauform: vielseitig einsetzbar, auch f\u00fcr die Beleuchtung von Vertikalfl\u00e4chen. Klares Schutzglas. Facettierter Reflektor f\u00fcr optimale Lichtverteilung. Drehbereich 355\u00b0. Ausschwenkbereich 60\u00b0. Farbtoleranz 3 SDCM. Lichtstromr\u00fcckgang nach 50.000h L80\/B20. Separates, nicht dimmbares Betriebsger\u00e4t. 5 Jahre Garantie. <\/p>\n","protected":false},"excerpt":{"rendered":"<p>DER Retail-Klassiker f\u00fcr hohe Anspr\u00fcche, gr\u00f6\u00dfere Bauform: vielseitig einsetzbar, auch f\u00fcr die Beleuchtung von Vertikalfl\u00e4chen. Klares Schutzglas. Facettierter Reflektor f\u00fcr optimale Lichtverteilung. Drehbereich 355\u00b0. Ausschwenkbereich 60\u00b0. Farbtoleranz 3 SDCM. Lichtstromr\u00fcckgang nach 50.000h L80\/B20. Separates, nicht dimmbares Betriebsger\u00e4t. 5 Jahre Garantie.<\/p>\n","protected":false},"featured_media":368000,"template":"","meta":[],"product_brand":[],"product_cat":[85643],"product_tag":[],"class_list":{"0":"post-345640","1":"product","2":"type-product","3":"status-publish","4":"has-post-thumbnail","6":"product_cat-runde-einbauleuchten-dreh-ausschwenkbar","8":"first","9":"instock","10":"taxable","11":"shipping-taxable","12":"product-type-simple"},"_links":{"self":[{"href":"https:\/\/www.arclite-shop.de\/fr\/wp-json\/wp\/v2\/product\/345640","targetHints":{"allow":["GET"]}}],"collection":[{"href":"https:\/\/www.arclite-shop.de\/fr\/wp-json\/wp\/v2\/product"}],"about":[{"href":"https:\/\/www.arclite-shop.de\/fr\/wp-json\/wp\/v2\/types\/product"}],"wp:featuredmedia":[{"embeddable":true,"href":"https:\/\/www.arclite-shop.de\/fr\/wp-json\/wp\/v2\/media\/368000"}],"wp:attachment":[{"href":"https:\/\/www.arclite-shop.de\/fr\/wp-json\/wp\/v2\/media?parent=345640"}],"wp:term":[{"taxonomy":"product_brand","embeddable":true,"href":"https:\/\/www.arclite-shop.de\/fr\/wp-json\/wp\/v2\/product_brand?post=345640"},{"taxonomy":"product_cat","embeddable":true,"href":"https:\/\/www.arclite-shop.de\/fr\/wp-json\/wp\/v2\/product_cat?post=345640"},{"taxonomy":"product_tag","embeddable":true,"href":"https:\/\/www.arclite-shop.de\/fr\/wp-json\/wp\/v2\/product_tag?post=345640"}],"curies":[{"name":"wp","href":"https:\/\/api.w.org\/{rel}","templated":true}]}}