{"id":343551,"date":"2024-10-31T10:47:06","date_gmt":"2024-10-31T09:47:06","guid":{"rendered":"https:\/\/www.arclite-shop.de\/produkt\/476-tc40378-02-56-53\/"},"modified":"2026-04-18T16:05:15","modified_gmt":"2026-04-18T14:05:15","slug":"476-tc40378-02-56-53","status":"publish","type":"product","link":"https:\/\/www.arclite-shop.de\/fr\/produkt\/476-tc40378-02-56-53\/","title":{"rendered":"trackFFECT 5 - \u00c9clairage N\u00e9oLink centr\u00e9 sur l\u2019humain pivotant noir 36W 25\u00b0 1800-16000K CRI90 476-TC40378.02.56.53"},"content":{"rendered":"<p>Kardanische LED Einbauleuchte f\u00fcr anspruchsvolle biorhythmische Lichtl\u00f6sungen. Hochdurchl\u00e4ssiges Schutzglas. Hocheffizienter, segmentierter Reflektor. Schwenkbereich 30\u00b0. Farbtemperatur 1.800 K bis 16.000 K mit hoher Farbortstabilit\u00e4t. Farbtemperatur entlang der Planckschen Kurve. Individuelle Ansteuerung aller RGBW-Farben innerhalb des PI-LED Farbraumes. Farbtoleranz 4 SDCM, Farbwiedergabe CRI 90 (4.000K). Lichtstromr\u00fcckgang nach 50.000h L80\/B10. Lichtstromr\u00fcckgang nach 66.000h L90\/B10. 5 Jahre Garantie. PI LED ZigBee<\/p>\n","protected":false},"excerpt":{"rendered":"<p>Kardanische LED Einbauleuchte f\u00fcr anspruchsvolle biorhythmische Lichtl\u00f6sungen. Hochdurchl\u00e4ssiges Schutzglas. Hocheffizienter, segmentierter Reflektor. Schwenkbereich 30\u00b0. Farbtemperatur 1.800 K bis 16.000 K mit hoher Farbortstabilit\u00e4t. Farbtemperatur entlang der Planckschen Kurve. Individuelle Ansteuerung aller RGBW-Farben innerhalb des PI-LED Farbraumes. Farbtoleranz 4 SDCM, Farbwiedergabe<span class=\"excerpt-hellip\"> [\u2026]<\/span><\/p>\n","protected":false},"featured_media":368050,"template":"","meta":[],"product_brand":[],"product_cat":[85554],"product_tag":[],"class_list":{"0":"post-343551","1":"product","2":"type-product","3":"status-publish","4":"has-post-thumbnail","6":"product_cat-human-centric-lighting","8":"first","9":"instock","10":"taxable","11":"shipping-taxable","12":"product-type-simple"},"_links":{"self":[{"href":"https:\/\/www.arclite-shop.de\/fr\/wp-json\/wp\/v2\/product\/343551","targetHints":{"allow":["GET"]}}],"collection":[{"href":"https:\/\/www.arclite-shop.de\/fr\/wp-json\/wp\/v2\/product"}],"about":[{"href":"https:\/\/www.arclite-shop.de\/fr\/wp-json\/wp\/v2\/types\/product"}],"wp:featuredmedia":[{"embeddable":true,"href":"https:\/\/www.arclite-shop.de\/fr\/wp-json\/wp\/v2\/media\/368050"}],"wp:attachment":[{"href":"https:\/\/www.arclite-shop.de\/fr\/wp-json\/wp\/v2\/media?parent=343551"}],"wp:term":[{"taxonomy":"product_brand","embeddable":true,"href":"https:\/\/www.arclite-shop.de\/fr\/wp-json\/wp\/v2\/product_brand?post=343551"},{"taxonomy":"product_cat","embeddable":true,"href":"https:\/\/www.arclite-shop.de\/fr\/wp-json\/wp\/v2\/product_cat?post=343551"},{"taxonomy":"product_tag","embeddable":true,"href":"https:\/\/www.arclite-shop.de\/fr\/wp-json\/wp\/v2\/product_tag?post=343551"}],"curies":[{"name":"wp","href":"https:\/\/api.w.org\/{rel}","templated":true}]}}